
{"id":8,"date":"2016-09-22T13:02:05","date_gmt":"2016-09-22T13:02:05","guid":{"rendered":"http:\/\/cms.updated.de\/?page_id=8"},"modified":"2026-04-16T11:49:54","modified_gmt":"2026-04-16T09:49:54","slug":"homepage","status":"publish","type":"page","link":"https:\/\/www.otto.de\/updated\/","title":{"rendered":"Home\u00adpage"},"content":{"rendered":"","protected":false},"excerpt":{"rendered":"","protected":false},"author":12,"featured_media":0,"parent":0,"menu_order":0,"comment_status":"closed","ping_status":"closed","template":"","meta":{"_acf_changed":false,"wp_typography_post_enhancements_disabled":false,"footnotes":""},"class_list":["post-8","page","type-page","status-publish","hentry"],"acf":[],"yoast_head":"<!-- This site is optimized with the Yoast SEO Premium plugin v25.1 (Yoast SEO v25.1) - https:\/\/yoast.com\/wordpress\/plugins\/seo\/ -->\n<title>News, Trends und Ratgeber zu Haushalt &amp; Technik | UPDATED<\/title>\n<meta name=\"description\" content=\"F\u00fcr mehr Spa\u00df an Technik und Haushalt: UPDATED bietet dir Tipps, Ratgeber und Trends f\u00fcr deine technischen Bed\u00fcrfnisse.\" \/>\n<meta name=\"robots\" content=\"index, follow, max-snippet:-1, max-image-preview:large, max-video-preview:-1\" \/>\n<link rel=\"canonical\" href=\"https:\/\/www.otto.de\/updated\/\" \/>\n<meta property=\"og:locale\" content=\"de_DE\" \/>\n<meta property=\"og:type\" content=\"article\" \/>\n<meta property=\"og:title\" content=\"UPDATED \u2013 Ratgeber &amp; News aus Haushalt und Technik\" \/>\n<meta property=\"og:description\" content=\"UPDATED bietet t\u00e4glich neue Ratgeber und spannende News aus Technik und Haushalt. Wir machen euch das Leben leichter und ihr bleibt stets up to date!\" \/>\n<meta property=\"og:url\" content=\"https:\/\/www.otto.de\/updated\/\" \/>\n<meta property=\"og:site_name\" content=\"UPDATED\" \/>\n<meta property=\"article:publisher\" content=\"https:\/\/www.facebook.com\/updated.de\/\" \/>\n<meta property=\"article:modified_time\" content=\"2026-04-16T09:49:54+00:00\" \/>\n<meta name=\"twitter:card\" content=\"summary_large_image\" \/>\n<meta name=\"twitter:title\" content=\"UPDATED \u2013 Ratgeber &amp; News aus Haushalt und Technik\" \/>\n<meta name=\"twitter:description\" content=\"UPDATED bietet t\u00e4glich neue Ratgeber und spannende News aus Technik und Haushalt. Wir machen euch das Leben leichter und ihr bleibt stets up to date!\" \/>\n<meta name=\"twitter:site\" content=\"@updated_de\" \/>\n<script type=\"application\/ld+json\" class=\"yoast-schema-graph\">{\"@context\":\"https:\/\/schema.org\",\"@graph\":[{\"@type\":\"WebPage\",\"@id\":\"https:\/\/www.otto.de\/updated\/\",\"url\":\"https:\/\/www.otto.de\/updated\/\",\"name\":\"News, Trends und Ratgeber zu Haushalt & Technik | UPDATED\",\"isPartOf\":{\"@id\":\"https:\/\/www.otto.de\/updated\/#website\"},\"datePublished\":\"2016-09-22T13:02:05+00:00\",\"dateModified\":\"2026-04-16T09:49:54+00:00\",\"description\":\"F\u00fcr mehr Spa\u00df an Technik und Haushalt: UPDATED bietet dir Tipps, Ratgeber und Trends f\u00fcr deine technischen Bed\u00fcrfnisse.\",\"breadcrumb\":{\"@id\":\"https:\/\/www.otto.de\/updated\/#breadcrumb\"},\"inLanguage\":\"de\",\"potentialAction\":[{\"@type\":\"ReadAction\",\"target\":[\"https:\/\/www.otto.de\/updated\/\"]}]},{\"@type\":\"BreadcrumbList\",\"@id\":\"https:\/\/www.otto.de\/updated\/#breadcrumb\",\"itemListElement\":[{\"@type\":\"ListItem\",\"position\":1,\"name\":\"Startseite\",\"item\":\"\/updated\/\"},{\"@type\":\"ListItem\",\"position\":2,\"name\":\"Homepage\"}]},{\"@type\":\"WebSite\",\"@id\":\"https:\/\/www.otto.de\/updated\/#website\",\"url\":\"https:\/\/www.otto.de\/updated\/\",\"name\":\"UPDATED\",\"description\":\"\",\"potentialAction\":[{\"@type\":\"SearchAction\",\"target\":{\"@type\":\"EntryPoint\",\"urlTemplate\":\"https:\/\/www.otto.de\/updated\/?s={search_term_string}\"},\"query-input\":{\"@type\":\"PropertyValueSpecification\",\"valueRequired\":true,\"valueName\":\"search_term_string\"}}],\"inLanguage\":\"de\"}]}<\/script>\n<!-- \/ Yoast SEO Premium plugin. -->","yoast_head_json":{"title":"News, Trends und Ratgeber zu Haushalt & Technik | UPDATED","description":"F\u00fcr mehr Spa\u00df an Technik und Haushalt: UPDATED bietet dir Tipps, Ratgeber und Trends f\u00fcr deine technischen Bed\u00fcrfnisse.","robots":{"index":"index","follow":"follow","max-snippet":"max-snippet:-1","max-image-preview":"max-image-preview:large","max-video-preview":"max-video-preview:-1"},"canonical":"https:\/\/www.otto.de\/updated\/","og_locale":"de_DE","og_type":"article","og_title":"UPDATED \u2013 Ratgeber & News aus Haushalt und Technik","og_description":"UPDATED bietet t\u00e4glich neue Ratgeber und spannende News aus Technik und Haushalt. Wir machen euch das Leben leichter und ihr bleibt stets up to date!","og_url":"https:\/\/www.otto.de\/updated\/","og_site_name":"UPDATED","article_publisher":"https:\/\/www.facebook.com\/updated.de\/","article_modified_time":"2026-04-16T09:49:54+00:00","twitter_card":"summary_large_image","twitter_title":"UPDATED \u2013 Ratgeber & News aus Haushalt und Technik","twitter_description":"UPDATED bietet t\u00e4glich neue Ratgeber und spannende News aus Technik und Haushalt. Wir machen euch das Leben leichter und ihr bleibt stets up to date!","twitter_site":"@updated_de","schema":{"@context":"https:\/\/schema.org","@graph":[{"@type":"WebPage","@id":"https:\/\/www.otto.de\/updated\/","url":"https:\/\/www.otto.de\/updated\/","name":"News, Trends und Ratgeber zu Haushalt & Technik | UPDATED","isPartOf":{"@id":"https:\/\/www.otto.de\/updated\/#website"},"datePublished":"2016-09-22T13:02:05+00:00","dateModified":"2026-04-16T09:49:54+00:00","description":"F\u00fcr mehr Spa\u00df an Technik und Haushalt: UPDATED bietet dir Tipps, Ratgeber und Trends f\u00fcr deine technischen Bed\u00fcrfnisse.","breadcrumb":{"@id":"https:\/\/www.otto.de\/updated\/#breadcrumb"},"inLanguage":"de","potentialAction":[{"@type":"ReadAction","target":["https:\/\/www.otto.de\/updated\/"]}]},{"@type":"BreadcrumbList","@id":"https:\/\/www.otto.de\/updated\/#breadcrumb","itemListElement":[{"@type":"ListItem","position":1,"name":"Startseite","item":"\/updated\/"},{"@type":"ListItem","position":2,"name":"Homepage"}]},{"@type":"WebSite","@id":"https:\/\/www.otto.de\/updated\/#website","url":"https:\/\/www.otto.de\/updated\/","name":"UPDATED","description":"","potentialAction":[{"@type":"SearchAction","target":{"@type":"EntryPoint","urlTemplate":"https:\/\/www.otto.de\/updated\/?s={search_term_string}"},"query-input":{"@type":"PropertyValueSpecification","valueRequired":true,"valueName":"search_term_string"}}],"inLanguage":"de"}]}},"_links":{"self":[{"href":"https:\/\/www.otto.de\/updated\/wp-json\/wp\/v2\/pages\/8","targetHints":{"allow":["GET"]}}],"collection":[{"href":"https:\/\/www.otto.de\/updated\/wp-json\/wp\/v2\/pages"}],"about":[{"href":"https:\/\/www.otto.de\/updated\/wp-json\/wp\/v2\/types\/page"}],"author":[{"embeddable":true,"href":"https:\/\/www.otto.de\/updated\/wp-json\/wp\/v2\/users\/12"}],"replies":[{"embeddable":true,"href":"https:\/\/www.otto.de\/updated\/wp-json\/wp\/v2\/comments?post=8"}],"version-history":[{"count":116,"href":"https:\/\/www.otto.de\/updated\/wp-json\/wp\/v2\/pages\/8\/revisions"}],"predecessor-version":[{"id":107238,"href":"https:\/\/www.otto.de\/updated\/wp-json\/wp\/v2\/pages\/8\/revisions\/107238"}],"wp:attachment":[{"href":"https:\/\/www.otto.de\/updated\/wp-json\/wp\/v2\/media?parent=8"}],"curies":[{"name":"wp","href":"https:\/\/api.w.org\/{rel}","templated":true}]}}