{"id":62,"date":"2018-06-13T12:50:40","date_gmt":"2018-06-13T12:50:40","guid":{"rendered":"https:\/\/www.otto.de\/partnerprogramm\/?page_id=62"},"modified":"2026-04-15T10:31:00","modified_gmt":"2026-04-15T10:31:00","slug":"provisionsmodell","status":"publish","type":"page","link":"https:\/\/www.otto.de\/partnerprogramm\/wissenswertes\/provisionsmodell\/","title":{"rendered":"Provisionsmodell"},"content":{"rendered":"<div class=\"wpb-content-wrapper\"><p>[vc_row][vc_column][vc_column_text]<\/p>\n<h1>Wie sieht das Provisionsmodell aus?<\/h1>\n<h2>&#8211; OTTO Werbemittel bringen bares Geld<\/h2>\n<p>[\/vc_column_text][\/vc_column][\/vc_row][vc_row][vc_column][vc_empty_space height=&#8220;8px&#8220;][\/vc_column][\/vc_row][vc_row][vc_column][vc_column_text]Die zugesprochene Provision richtet sich beim Basket Tracking nach den verkauften Produkten bzw. Produktgruppen und deiner Segmentierung in unseren Netzwerken. Unsere Provisionsarten sind sehr vielf\u00e4ltig und passend f\u00fcr die meisten Gesch\u00e4ftsmodelle.[\/vc_column_text][\/vc_column][\/vc_row][vc_row][vc_column][vc_empty_space height=&#8220;8px&#8220;][\/vc_column][\/vc_row][vc_row][vc_column][vc_column_text]<\/p>\n<h3><strong>Es gelten folgende Provisionsstaffeln:<\/strong><\/h3>\n<p>[\/vc_column_text][\/vc_column][\/vc_row][vc_row][vc_column width=&#8220;1\/4&#8243; el_class=&#8220;border&#8220;][vc_column_text]<\/p>\n<h3 style=\"text-align: center;\"><strong>Multimedia<\/strong><\/h3>\n<p>[\/vc_column_text][vc_column_text]<\/p>\n<ul>\n<li>Standard: 2%<\/li>\n<li>Hebelpublisher: 1%<\/li>\n<li>Logopublisher: 1%<\/li>\n<\/ul>\n<p>[\/vc_column_text][\/vc_column][vc_column width=&#8220;1\/4&#8243; el_class=&#8220;border&#8220;][vc_column_text]<\/p>\n<h3 style=\"text-align: center;\"><strong>Haushaltselektronik<\/strong><\/h3>\n<p>[\/vc_column_text][vc_column_text]<\/p>\n<ul>\n<li>Standard: 7%<\/li>\n<li>Hebelpublisher: 4%<\/li>\n<li>Logopublisher: 5%<\/li>\n<\/ul>\n<p>[\/vc_column_text][\/vc_column][vc_column width=&#8220;1\/4&#8243; el_class=&#8220;border&#8220;][vc_column_text]<\/p>\n<h3 style=\"text-align: center;\"><strong>Fashion<\/strong><\/h3>\n<p>[\/vc_column_text][vc_column_text]<\/p>\n<ul>\n<li>Standard: 15%<\/li>\n<li>Hebelpublisher: 7%<\/li>\n<li>Logopublisher: 11%<\/li>\n<\/ul>\n<p>[\/vc_column_text][\/vc_column][vc_column width=&#8220;1\/4&#8243; el_class=&#8220;border&#8220;][vc_column_text]<\/p>\n<h3 style=\"text-align: center;\"><strong>Home &amp; Living<\/strong><\/h3>\n<p>[\/vc_column_text][vc_column_text]<\/p>\n<ul>\n<li>Standard: 12%<\/li>\n<li>Hebelpublisher: 1%<\/li>\n<li>Logopublisher: 9%<\/li>\n<\/ul>\n<p>[\/vc_column_text][\/vc_column][\/vc_row][vc_row][vc_column][vc_empty_space][vc_empty_space][\/vc_column][\/vc_row][vc_row][vc_column]<div class=\"shortcode-banner shortcode-banner-link\" style=\"min-height: 150px;background-image: url(https:\/\/www.otto.de\/partnerprogramm\/app\/uploads\/2018\/08\/Home-Header.jpg)\" onclick=\"window.open('https:\/\/ui.awin.com\/publisher-signup\/de\/step1');\"><div class=\"shortcode-banner-bg wf-table\" style=\"padding: 10px;min-height: 150px\"><div class=\"shortcode-banner-inside wf-table text-big\" style=\"background-color: rgb(0,0,0);background-color: rgba(0,0,0,0.4);border: solid 10px transparent;outline: solid 3px;outline-color: #ffffff;height: 140px\"><div><p style=\"text-align: center;\"><span style=\"color: #ffffff;\">JETZT AFFILIATE WERDEN!<\/span><\/p>\n<\/div><\/div><\/div><\/div>[\/vc_column][\/vc_row]<\/p>\n<\/div>","protected":false},"excerpt":{"rendered":"<p>[vc_row][vc_column][vc_column_text] Wie sieht das Provisionsmodell aus? &#8211; OTTO Werbemittel bringen bares Geld [\/vc_column_text][\/vc_column][\/vc_row][vc_row][vc_column][vc_empty_space height=&#8220;8px&#8220;][\/vc_column][\/vc_row][vc_row][vc_column][vc_column_text]Die zugesprochene Provision richtet sich beim Basket Tracking nach den verkauften Produkten bzw. Produktgruppen und deiner Segmentierung in unseren Netzwerken. Unsere Provisionsarten sind sehr vielf\u00e4ltig und passend f\u00fcr die meisten Gesch\u00e4ftsmodelle.[\/vc_column_text][\/vc_column][\/vc_row][vc_row][vc_column][vc_empty_space height=&#8220;8px&#8220;][\/vc_column][\/vc_row][vc_row][vc_column][vc_column_text] Es gelten folgende Provisionsstaffeln: [\/vc_column_text][\/vc_column][\/vc_row][vc_row][vc_column width=&#8220;1\/4&#8243; el_class=&#8220;border&#8220;][vc_column_text] Multimedia [\/vc_column_text][vc_column_text] Standard:<\/p>\n","protected":false},"author":17,"featured_media":0,"parent":22,"menu_order":0,"comment_status":"closed","ping_status":"closed","template":"","meta":{"_acf_changed":false,"footnotes":""},"class_list":["post-62","page","type-page","status-publish","hentry","description-off"],"acf":[],"yoast_head":"<!-- This site is optimized with the Yoast SEO plugin v27.3 - https:\/\/yoast.com\/product\/yoast-seo-wordpress\/ -->\n<title>OTTO Partnerprogramm Provision - Mit Links einfach Geld verdienen!<\/title>\n<meta name=\"description\" content=\"Beim OTTO Partnerprogramm verdienst du bis zu 15% Werbekostenerstattung. Die Provision richtet sich nach den verkauften Produkten bzw. Produktgruppen.\" \/>\n<meta name=\"robots\" content=\"index, follow, max-snippet:-1, max-image-preview:large, max-video-preview:-1\" \/>\n<link rel=\"canonical\" href=\"https:\/\/www.otto.de\/partnerprogramm\/wissenswertes\/provisionsmodell\/\" \/>\n<meta property=\"og:locale\" content=\"de_DE\" \/>\n<meta property=\"og:type\" content=\"article\" \/>\n<meta property=\"og:title\" content=\"OTTO Partnerprogramm Provision - Mit Links einfach Geld verdienen!\" \/>\n<meta property=\"og:description\" content=\"Beim OTTO Partnerprogramm verdienst du bis zu 15% Werbekostenerstattung. Die Provision richtet sich nach den verkauften Produkten bzw. Produktgruppen.\" \/>\n<meta property=\"og:url\" content=\"https:\/\/www.otto.de\/partnerprogramm\/wissenswertes\/provisionsmodell\/\" \/>\n<meta property=\"og:site_name\" content=\"OTTO Affiliate\" \/>\n<meta property=\"article:modified_time\" content=\"2026-04-15T10:31:00+00:00\" \/>\n<meta name=\"twitter:card\" content=\"summary_large_image\" \/>\n<meta name=\"twitter:label1\" content=\"Est. reading time\" \/>\n\t<meta name=\"twitter:data1\" content=\"1\u00a0Minute\" \/>\n<script type=\"application\/ld+json\" class=\"yoast-schema-graph\">{\"@context\":\"https:\\\/\\\/schema.org\",\"@graph\":[{\"@type\":\"WebPage\",\"@id\":\"https:\\\/\\\/www.otto.de\\\/partnerprogramm\\\/wissenswertes\\\/provisionsmodell\\\/\",\"url\":\"https:\\\/\\\/www.otto.de\\\/partnerprogramm\\\/wissenswertes\\\/provisionsmodell\\\/\",\"name\":\"OTTO Partnerprogramm Provision - Mit Links einfach Geld verdienen!\",\"isPartOf\":{\"@id\":\"https:\\\/\\\/www.otto.de\\\/partnerprogramm\\\/#website\"},\"datePublished\":\"2018-06-13T12:50:40+00:00\",\"dateModified\":\"2026-04-15T10:31:00+00:00\",\"description\":\"Beim OTTO Partnerprogramm verdienst du bis zu 15% Werbekostenerstattung. Die Provision richtet sich nach den verkauften Produkten bzw. Produktgruppen.\",\"breadcrumb\":{\"@id\":\"https:\\\/\\\/www.otto.de\\\/partnerprogramm\\\/wissenswertes\\\/provisionsmodell\\\/#breadcrumb\"},\"inLanguage\":\"de\",\"potentialAction\":[{\"@type\":\"ReadAction\",\"target\":[\"https:\\\/\\\/www.otto.de\\\/partnerprogramm\\\/wissenswertes\\\/provisionsmodell\\\/\"]}]},{\"@type\":\"BreadcrumbList\",\"@id\":\"https:\\\/\\\/www.otto.de\\\/partnerprogramm\\\/wissenswertes\\\/provisionsmodell\\\/#breadcrumb\",\"itemListElement\":[{\"@type\":\"ListItem\",\"position\":1,\"name\":\"Startseite\",\"item\":\"https:\\\/\\\/edit.otto-partnerprogramm.de\\\/partnerprogramm\\\/\"},{\"@type\":\"ListItem\",\"position\":2,\"name\":\"Wissenswertes\",\"item\":\"\\\/partnerprogramm\\\/wissenswertes\\\/\"},{\"@type\":\"ListItem\",\"position\":3,\"name\":\"Provisionsmodell\"}]},{\"@type\":\"WebSite\",\"@id\":\"https:\\\/\\\/www.otto.de\\\/partnerprogramm\\\/#website\",\"url\":\"https:\\\/\\\/www.otto.de\\\/partnerprogramm\\\/\",\"name\":\"OTTO Affiliate\",\"description\":\"Das OTTO Partnerprogramm\",\"potentialAction\":[{\"@type\":\"SearchAction\",\"target\":{\"@type\":\"EntryPoint\",\"urlTemplate\":\"https:\\\/\\\/www.otto.de\\\/partnerprogramm\\\/?s={search_term_string}\"},\"query-input\":{\"@type\":\"PropertyValueSpecification\",\"valueRequired\":true,\"valueName\":\"search_term_string\"}}],\"inLanguage\":\"de\"}]}<\/script>\n<!-- \/ Yoast SEO plugin. -->","yoast_head_json":{"title":"OTTO Partnerprogramm Provision - Mit Links einfach Geld verdienen!","description":"Beim OTTO Partnerprogramm verdienst du bis zu 15% Werbekostenerstattung. Die Provision richtet sich nach den verkauften Produkten bzw. Produktgruppen.","robots":{"index":"index","follow":"follow","max-snippet":"max-snippet:-1","max-image-preview":"max-image-preview:large","max-video-preview":"max-video-preview:-1"},"canonical":"https:\/\/www.otto.de\/partnerprogramm\/wissenswertes\/provisionsmodell\/","og_locale":"de_DE","og_type":"article","og_title":"OTTO Partnerprogramm Provision - Mit Links einfach Geld verdienen!","og_description":"Beim OTTO Partnerprogramm verdienst du bis zu 15% Werbekostenerstattung. Die Provision richtet sich nach den verkauften Produkten bzw. Produktgruppen.","og_url":"https:\/\/www.otto.de\/partnerprogramm\/wissenswertes\/provisionsmodell\/","og_site_name":"OTTO Affiliate","article_modified_time":"2026-04-15T10:31:00+00:00","twitter_card":"summary_large_image","twitter_misc":{"Est. reading time":"1\u00a0Minute"},"schema":{"@context":"https:\/\/schema.org","@graph":[{"@type":"WebPage","@id":"https:\/\/www.otto.de\/partnerprogramm\/wissenswertes\/provisionsmodell\/","url":"https:\/\/www.otto.de\/partnerprogramm\/wissenswertes\/provisionsmodell\/","name":"OTTO Partnerprogramm Provision - Mit Links einfach Geld verdienen!","isPartOf":{"@id":"https:\/\/www.otto.de\/partnerprogramm\/#website"},"datePublished":"2018-06-13T12:50:40+00:00","dateModified":"2026-04-15T10:31:00+00:00","description":"Beim OTTO Partnerprogramm verdienst du bis zu 15% Werbekostenerstattung. Die Provision richtet sich nach den verkauften Produkten bzw. Produktgruppen.","breadcrumb":{"@id":"https:\/\/www.otto.de\/partnerprogramm\/wissenswertes\/provisionsmodell\/#breadcrumb"},"inLanguage":"de","potentialAction":[{"@type":"ReadAction","target":["https:\/\/www.otto.de\/partnerprogramm\/wissenswertes\/provisionsmodell\/"]}]},{"@type":"BreadcrumbList","@id":"https:\/\/www.otto.de\/partnerprogramm\/wissenswertes\/provisionsmodell\/#breadcrumb","itemListElement":[{"@type":"ListItem","position":1,"name":"Startseite","item":"https:\/\/edit.otto-partnerprogramm.de\/partnerprogramm\/"},{"@type":"ListItem","position":2,"name":"Wissenswertes","item":"\/partnerprogramm\/wissenswertes\/"},{"@type":"ListItem","position":3,"name":"Provisionsmodell"}]},{"@type":"WebSite","@id":"https:\/\/www.otto.de\/partnerprogramm\/#website","url":"https:\/\/www.otto.de\/partnerprogramm\/","name":"OTTO Affiliate","description":"Das OTTO Partnerprogramm","potentialAction":[{"@type":"SearchAction","target":{"@type":"EntryPoint","urlTemplate":"https:\/\/www.otto.de\/partnerprogramm\/?s={search_term_string}"},"query-input":{"@type":"PropertyValueSpecification","valueRequired":true,"valueName":"search_term_string"}}],"inLanguage":"de"}]}},"lang":"de","translations":{"de":62,"en":2053},"pll_sync_post":[],"_links":{"self":[{"href":"https:\/\/www.otto.de\/partnerprogramm\/wp-json\/wp\/v2\/pages\/62","targetHints":{"allow":["GET"]}}],"collection":[{"href":"https:\/\/www.otto.de\/partnerprogramm\/wp-json\/wp\/v2\/pages"}],"about":[{"href":"https:\/\/www.otto.de\/partnerprogramm\/wp-json\/wp\/v2\/types\/page"}],"author":[{"embeddable":true,"href":"https:\/\/www.otto.de\/partnerprogramm\/wp-json\/wp\/v2\/users\/17"}],"replies":[{"embeddable":true,"href":"https:\/\/www.otto.de\/partnerprogramm\/wp-json\/wp\/v2\/comments?post=62"}],"version-history":[{"count":84,"href":"https:\/\/www.otto.de\/partnerprogramm\/wp-json\/wp\/v2\/pages\/62\/revisions"}],"predecessor-version":[{"id":2578,"href":"https:\/\/www.otto.de\/partnerprogramm\/wp-json\/wp\/v2\/pages\/62\/revisions\/2578"}],"up":[{"embeddable":true,"href":"https:\/\/www.otto.de\/partnerprogramm\/wp-json\/wp\/v2\/pages\/22"}],"wp:attachment":[{"href":"https:\/\/www.otto.de\/partnerprogramm\/wp-json\/wp\/v2\/media?parent=62"}],"curies":[{"name":"wp","href":"https:\/\/api.w.org\/{rel}","templated":true}]}}