{"id":60,"date":"2018-06-13T12:50:24","date_gmt":"2018-06-13T12:50:24","guid":{"rendered":"https:\/\/www.otto.de\/partnerprogramm\/?page_id=60"},"modified":"2026-04-15T10:30:57","modified_gmt":"2026-04-15T10:30:57","slug":"dynamische-attribution","status":"publish","type":"page","link":"https:\/\/www.otto.de\/partnerprogramm\/wissenswertes\/dynamische-attribution\/","title":{"rendered":"Dynamische Attribution"},"content":{"rendered":"<div class=\"wpb-content-wrapper\"><p>[vc_row][vc_column][vc_column_text]<\/p>\n<h1>Was ist die dynamische Attribution?<\/h1>\n<h2>&#8211; faire Verg\u00fctung f\u00fcr jeden Publisher<\/h2>\n<p>[\/vc_column_text][\/vc_column][\/vc_row][vc_row][vc_column][vc_empty_space height=&#8220;8px&#8220;][\/vc_column][\/vc_row][vc_row][vc_column][vc_column_text]In der Affiliate-Welt wird \u00fcblicherweise noch nach dem Last Cookie Wins Prinzip verg\u00fctet, bei dem ausschlie\u00dflich dem Affiliate mit dem letzten Klick vor Kaufabschluss die komplette Provision zugeschrieben wird. Alle anderen an der Journey beteiligten Affiliates gehen leer aus, selbst wenn diese den User urspr\u00fcnglich zum Kauf inspiriert hatten.<\/p>\n<p>F\u00fcr eine gerechtere Verteilung der Provisionen nutzen wir daher ein dynamisches Attributionsmodell, welches auf Basis statistischer Verfahren jedem Werbekontakt, der zu einer Bestellung f\u00fchrt, einen individuellen Wirkungsanteil zurechnet. Somit erhalten unsere Affiliates auch eine Provision, wenn sie nicht den letzten Klickkontakt hatten.[\/vc_column_text][\/vc_column][\/vc_row][vc_row][vc_column width=&#8220;1\/2&#8243;][vc_single_image image=&#8220;982&#8243; img_size=&#8220;large&#8220; onclick=&#8220;link_image&#8220;][\/vc_column][vc_column width=&#8220;1\/2&#8243;][vc_single_image image=&#8220;991&#8243; img_size=&#8220;large&#8220; add_caption=&#8220;yes&#8220; onclick=&#8220;link_image&#8220;][\/vc_column][\/vc_row][vc_row][vc_column width=&#8220;1\/2&#8243;][vc_column_text]<\/p>\n<h3>Last Cookie Wins Attribution<\/h3>\n<p>Dem letztem Kickkontakt in der Customer Journey wird der Warenkorbwert zu 100% zugewiesen.[\/vc_column_text][\/vc_column][vc_column width=&#8220;1\/2&#8243;][vc_column_text]<\/p>\n<h3>Dynamische Attribution<\/h3>\n<p>Alle Klickkontakte in der Customer Journey, denen das Modell einen Wirkungsbeitrag an der Bestellung nachweist, erhalten einen Anteil des Warenkorbwertes. Die H\u00f6he des Anteils errechnet das Modell anhand verschiedener Einflussfaktoren.[\/vc_column_text][\/vc_column][\/vc_row][vc_row][vc_column][vc_empty_space height=&#8220;16px&#8220;][\/vc_column][\/vc_row][vc_row][vc_column][vc_column_text]<\/p>\n<h3>Auswahl der Einflussfaktoren, die herangezogen werden:\u200b<\/h3>\n<p>[\/vc_column_text][\/vc_column][\/vc_row][vc_row][vc_column width=&#8220;1\/3&#8243;]<div class=\"standard-arrow list-divider bullet-top\"><ul>\n<li>Position der Kontakte<\/li>\n<li>Zeitliche L\u00e4nge der Journey<\/li>\n<li>Anzahl der Kontakte<\/li>\n<\/ul>\n<\/div>[\/vc_column][vc_column width=&#8220;1\/3&#8243;]<div class=\"standard-arrow list-divider bullet-top\"><ul>\n<li>Reihenfolge der Kontakte<\/li>\n<li>Interaktionseffekte<\/li>\n<li>Zeitlicher Abstand zur Bestellung<\/li>\n<\/ul>\n<\/div>[\/vc_column][vc_column width=&#8220;1\/3&#8243;]<div class=\"standard-arrow list-divider bullet-top\"><ul>\n<li>Art der Kontakte<\/li>\n<li>Bounce-Informationen<\/li>\n<li>Zeitlicher Abstand zu vorherigen Kontakt<\/li>\n<\/ul>\n<\/div>[\/vc_column][\/vc_row][vc_row][vc_column][vc_empty_space][\/vc_column][\/vc_row][vc_row][vc_column][vc_column_text]<\/p>\n<h2>Noch Fragen?<\/h2>\n<p>In unseren <a href=\"\/partnerprogramm\/faq\/\">FAQs<\/a> bieten wir Hilfestellung zu einer Vielzahl an Themen. Sollten trotzdem noch Fragen offen bleiben, stehen wir dir gerne jederzeit auch pers\u00f6nlich zur Verf\u00fcgung.[\/vc_column_text][\/vc_column][\/vc_row][vc_row][vc_column]<style type=\"text\/css\" data-type=\"the7_shortcodes-inline-css\">.carousel-shortcode.carousel-shortcode-id-f9878d5229d7a5db3b89087e16afe3d2.owl-carousel .owl-nav div {\n  width: 50px;\n  height: 50px;\n  border-radius: 500px;\n}\n.dt-arrow-border-on.carousel-shortcode.carousel-shortcode-id-f9878d5229d7a5db3b89087e16afe3d2.owl-carousel .owl-nav div:not(:hover):before {\n  border-width: 0px;\n}\n.dt-arrow-hover-border-on.carousel-shortcode.carousel-shortcode-id-f9878d5229d7a5db3b89087e16afe3d2.owl-carousel .owl-nav div:hover:after {\n  border-width: 0px;\n}\n.carousel-shortcode.carousel-shortcode-id-f9878d5229d7a5db3b89087e16afe3d2.owl-carousel .owl-nav div.owl-prev {\n  top: 50%;\n  transform: translateY(calc(-50% + 0px));\n  left: -43px;\n}\n@media all and (-ms-high-contrast: none) {\n  .carousel-shortcode.carousel-shortcode-id-f9878d5229d7a5db3b89087e16afe3d2.owl-carousel .owl-nav div.owl-prev {\n    transform: translateY(-50%);\n    margin-top: 0px;\n  }\n}\n.carousel-shortcode.carousel-shortcode-id-f9878d5229d7a5db3b89087e16afe3d2.owl-carousel .owl-nav div.owl-prev i {\n  padding: 0px 0px 0px 0px;\n}\n.carousel-shortcode.carousel-shortcode-id-f9878d5229d7a5db3b89087e16afe3d2.owl-carousel .owl-nav div.owl-next {\n  top: 50%;\n  transform: translateY(calc(-50% + 0px));\n  right: -43px;\n}\n@media all and (-ms-high-contrast: none) {\n  .carousel-shortcode.carousel-shortcode-id-f9878d5229d7a5db3b89087e16afe3d2.owl-carousel .owl-nav div.owl-next {\n    transform: translateY(-50%);\n    margin-top: 0px;\n  }\n}\n.carousel-shortcode.carousel-shortcode-id-f9878d5229d7a5db3b89087e16afe3d2.owl-carousel .owl-nav div.owl-next i {\n  padding: 0px 0px 0px 0px;\n}\n.carousel-shortcode.carousel-shortcode-id-f9878d5229d7a5db3b89087e16afe3d2.owl-carousel .owl-nav i {\n  font-size: 18px;\n}\n.carousel-shortcode.carousel-shortcode-id-f9878d5229d7a5db3b89087e16afe3d2.owl-carousel .owl-nav div:not(:hover) i,\n.carousel-shortcode.carousel-shortcode-id-f9878d5229d7a5db3b89087e16afe3d2.owl-carousel .owl-nav div:not(:hover) i:before {\n  color: #ffffff;\n  background: none;\n}\n.carousel-shortcode.carousel-shortcode-id-f9878d5229d7a5db3b89087e16afe3d2.owl-carousel .owl-nav div:hover i,\n.carousel-shortcode.carousel-shortcode-id-f9878d5229d7a5db3b89087e16afe3d2.owl-carousel .owl-nav div:hover i:before {\n  color: rgba(255,255,255,0.75);\n  background: none;\n}\n.carousel-shortcode.carousel-shortcode-id-f9878d5229d7a5db3b89087e16afe3d2 .owl-dots {\n  top: calc(100% + 20px);\n  left: 50%;\n  transform: translateX(calc(-50% + 0px));\n}\n@media all and (-ms-high-contrast: none) {\n  .carousel-shortcode.carousel-shortcode-id-f9878d5229d7a5db3b89087e16afe3d2 .owl-dots {\n    transform: translateX(-50%);\n    margin-left: 0px;\n  }\n}\n.carousel-shortcode.carousel-shortcode-id-f9878d5229d7a5db3b89087e16afe3d2 .owl-dot {\n  width: 10px;\n  height: 10px;\n  margin: 0 8px;\n}\n@media screen and (max-width: 778px) {\n  .carousel-shortcode.carousel-shortcode-id-f9878d5229d7a5db3b89087e16afe3d2.hide-arrows .owl-nav a {\n    display: none;\n  }\n}\n@media screen and (max-width: 778px) {\n  .carousel-shortcode.carousel-shortcode-id-f9878d5229d7a5db3b89087e16afe3d2.reposition-arrows .owl-nav div.owl-prev {\n    top: 50%;\n    transform: translateY(calc(-50% + 0px));\n    left: -35px;\n  }\n  .carousel-shortcode.carousel-shortcode-id-f9878d5229d7a5db3b89087e16afe3d2.reposition-arrows .owl-nav div.owl-next {\n    top: 50%;\n    transform: translateY(calc(-50% + 0px));\n    right: -35px;\n  }\n}\n@media screen and (max-width: 778px) and all and (-ms-high-contrast: none) {\n  .carousel-shortcode.carousel-shortcode-id-f9878d5229d7a5db3b89087e16afe3d2.reposition-arrows .owl-nav div.owl-prev {\n    transform: translateY(-50%);\n    margin-top: 0px;\n  }\n}\n@media screen and (max-width: 778px) and all and (-ms-high-contrast: none) {\n  .carousel-shortcode.carousel-shortcode-id-f9878d5229d7a5db3b89087e16afe3d2.reposition-arrows .owl-nav div.owl-next {\n    transform: translateY(-50%);\n    margin-top: 0px;\n  }\n}<\/style><div class=\"owl-carousel carousel-shortcode dt-owl-carousel-call carousel-shortcode-id-f9878d5229d7a5db3b89087e16afe3d2 bullets-small-dot-stroke reposition-arrows arrows-bg-on dt-arrow-border-on dt-arrow-hover-border-on disable-arrows-hover-bg arrows-hover-bg-on  \" data-scroll-mode=\"1\" data-col-num=\"3\" data-wide-col-num=\"3\" data-laptop-col=\"3\" data-h-tablet-columns-num=\"2\" data-v-tablet-columns-num=\"2\" data-phone-columns-num=\"1\" data-auto-height=\"false\" data-col-gap=\"30\" data-stage-padding=\"0\" data-speed=\"600\" data-autoplay=\"false\" data-autoplay_speed=\"6000\" data-arrows=\"true\" data-bullet=\"false\" data-next-icon=\"icon-ar-021-r\" data-prev-icon=\"icon-ar-021-l\">[vc_hoverbox image=&#8220;2588&#8243; primary_title=&#8220;&#8220; hover_title=&#8220;Natascha&#8220; hover_title_font_container=&#8220;font_size:15&#8243; hover_title_google_fonts=&#8220;font_family:Open%20Sans%3A300%2C300italic%2Cregular%2Citalic%2C600%2C600italic%2C700%2C700italic%2C800%2C800italic|font_style:400%20regular%3A400%3Anormal&#8220; shape=&#8220;square&#8220; use_custom_fonts_hover_title=&#8220;true&#8220;]Hallo, ich unterst\u00fctze das Team als Werkstudentin.[\/vc_hoverbox][vc_hoverbox image=&#8220;786&#8243; primary_title=&#8220;&#8220; hover_title=&#8220;Andrea&#8220; hover_title_font_container=&#8220;font_size:15&#8243; hover_title_google_fonts=&#8220;font_family:Open%20Sans%3A300%2C300italic%2Cregular%2Citalic%2C600%2C600italic%2C700%2C700italic%2C800%2C800italic|font_style:400%20regular%3A400%3Anormal&#8220; shape=&#8220;square&#8220; use_custom_fonts_hover_title=&#8220;true&#8220;]Ihr betreibt eine Content-, Deal &amp; Schn\u00e4ppchen oder Cashbackseite? Dann meldet euch bei mir.[\/vc_hoverbox][vc_hoverbox image=&#8220;1547&#8243; primary_title=&#8220;&#8220; hover_title=&#8220;Rieke&#8220; hover_title_font_container=&#8220;font_size:15&#8243; hover_title_google_fonts=&#8220;font_family:Open%20Sans%3A300%2C300italic%2Cregular%2Citalic%2C600%2C600italic%2C700%2C700italic%2C800%2C800italic|font_style:400%20regular%3A400%3Anormal&#8220; shape=&#8220;square&#8220; use_custom_fonts_hover_title=&#8220;true&#8220;]Moin, moin, ich bin in meiner Funktion als Teamleitung gerne f\u00fcr \u00fcbergreifenden Themen als Ansprechpartnerin f\u00fcr euch da.[\/vc_hoverbox][vc_hoverbox image=&#8220;2352&#8243; primary_title=&#8220;&#8220; hover_title=&#8220;Sarah&#8220; hover_title_font_container=&#8220;font_size:15&#8243; hover_title_google_fonts=&#8220;font_family:Open%20Sans%3A300%2C300italic%2Cregular%2Citalic%2C600%2C600italic%2C700%2C700italic%2C800%2C800italic|font_style:400%20regular%3A400%3Anormal&#8220; shape=&#8220;square&#8220; use_custom_fonts_hover_title=&#8220;true&#8220;]<span class=\"ui-provider vm b c d e f g h i j k l m n o p q r s t u v w x y z ab ac ae af ag ah ai aj ak\" dir=\"ltr\">Moin, egal ob Produkt- oder Preissuchmaschine oder Startseite, ich helfe dir gerne bei allen deinen Fragen.<\/span>[\/vc_hoverbox]<\/div>[\/vc_column][\/vc_row]<\/p>\n<\/div>","protected":false},"excerpt":{"rendered":"<p>[vc_row][vc_column][vc_column_text] Was ist die dynamische Attribution? &#8211; faire Verg\u00fctung f\u00fcr jeden Publisher [\/vc_column_text][\/vc_column][\/vc_row][vc_row][vc_column][vc_empty_space height=&#8220;8px&#8220;][\/vc_column][\/vc_row][vc_row][vc_column][vc_column_text]In der Affiliate-Welt wird \u00fcblicherweise noch nach dem Last Cookie Wins Prinzip verg\u00fctet, bei dem ausschlie\u00dflich dem Affiliate mit dem letzten Klick vor Kaufabschluss die komplette Provision zugeschrieben wird. Alle anderen an der Journey beteiligten Affiliates gehen leer aus, selbst wenn diese<\/p>\n","protected":false},"author":17,"featured_media":0,"parent":22,"menu_order":0,"comment_status":"closed","ping_status":"closed","template":"","meta":{"_acf_changed":false,"footnotes":""},"class_list":["post-60","page","type-page","status-publish","hentry","description-off"],"acf":[],"yoast_head":"<!-- This site is optimized with the Yoast SEO plugin v27.3 - https:\/\/yoast.com\/product\/yoast-seo-wordpress\/ -->\n<title>Dynamische Attribution im Affiliate Marketing bei OTTO<\/title>\n<meta name=\"description\" content=\"Dynamische Attribution - Was ist das eigentlich und wie funktioniert sie? Alle Infos zum innovativen Tracking bei OTTO gibt es hier &gt;&gt;\" \/>\n<meta name=\"robots\" content=\"index, follow, max-snippet:-1, max-image-preview:large, max-video-preview:-1\" \/>\n<link rel=\"canonical\" href=\"https:\/\/www.otto.de\/partnerprogramm\/wissenswertes\/dynamische-attribution\/\" \/>\n<meta property=\"og:locale\" content=\"de_DE\" \/>\n<meta property=\"og:type\" content=\"article\" \/>\n<meta property=\"og:title\" content=\"Dynamische Attribution im Affiliate Marketing bei OTTO\" \/>\n<meta property=\"og:description\" content=\"Dynamische Attribution - Was ist das eigentlich und wie funktioniert sie? Alle Infos zum innovativen Tracking bei OTTO gibt es hier &gt;&gt;\" \/>\n<meta property=\"og:url\" content=\"https:\/\/www.otto.de\/partnerprogramm\/wissenswertes\/dynamische-attribution\/\" \/>\n<meta property=\"og:site_name\" content=\"OTTO Affiliate\" \/>\n<meta property=\"article:modified_time\" content=\"2026-04-15T10:30:57+00:00\" \/>\n<meta name=\"twitter:card\" content=\"summary_large_image\" \/>\n<meta name=\"twitter:label1\" content=\"Est. reading time\" \/>\n\t<meta name=\"twitter:data1\" content=\"2\u00a0Minuten\" \/>\n<script type=\"application\/ld+json\" class=\"yoast-schema-graph\">{\"@context\":\"https:\\\/\\\/schema.org\",\"@graph\":[{\"@type\":\"WebPage\",\"@id\":\"https:\\\/\\\/www.otto.de\\\/partnerprogramm\\\/wissenswertes\\\/dynamische-attribution\\\/\",\"url\":\"https:\\\/\\\/www.otto.de\\\/partnerprogramm\\\/wissenswertes\\\/dynamische-attribution\\\/\",\"name\":\"Dynamische Attribution im Affiliate Marketing bei OTTO\",\"isPartOf\":{\"@id\":\"https:\\\/\\\/www.otto.de\\\/partnerprogramm\\\/#website\"},\"datePublished\":\"2018-06-13T12:50:24+00:00\",\"dateModified\":\"2026-04-15T10:30:57+00:00\",\"description\":\"Dynamische Attribution - Was ist das eigentlich und wie funktioniert sie? Alle Infos zum innovativen Tracking bei OTTO gibt es hier >>\",\"breadcrumb\":{\"@id\":\"https:\\\/\\\/www.otto.de\\\/partnerprogramm\\\/wissenswertes\\\/dynamische-attribution\\\/#breadcrumb\"},\"inLanguage\":\"de\",\"potentialAction\":[{\"@type\":\"ReadAction\",\"target\":[\"https:\\\/\\\/www.otto.de\\\/partnerprogramm\\\/wissenswertes\\\/dynamische-attribution\\\/\"]}]},{\"@type\":\"BreadcrumbList\",\"@id\":\"https:\\\/\\\/www.otto.de\\\/partnerprogramm\\\/wissenswertes\\\/dynamische-attribution\\\/#breadcrumb\",\"itemListElement\":[{\"@type\":\"ListItem\",\"position\":1,\"name\":\"Startseite\",\"item\":\"https:\\\/\\\/edit.otto-partnerprogramm.de\\\/partnerprogramm\\\/\"},{\"@type\":\"ListItem\",\"position\":2,\"name\":\"Wissenswertes\",\"item\":\"\\\/partnerprogramm\\\/wissenswertes\\\/\"},{\"@type\":\"ListItem\",\"position\":3,\"name\":\"Dynamische Attribution\"}]},{\"@type\":\"WebSite\",\"@id\":\"https:\\\/\\\/www.otto.de\\\/partnerprogramm\\\/#website\",\"url\":\"https:\\\/\\\/www.otto.de\\\/partnerprogramm\\\/\",\"name\":\"OTTO Affiliate\",\"description\":\"Das OTTO Partnerprogramm\",\"potentialAction\":[{\"@type\":\"SearchAction\",\"target\":{\"@type\":\"EntryPoint\",\"urlTemplate\":\"https:\\\/\\\/www.otto.de\\\/partnerprogramm\\\/?s={search_term_string}\"},\"query-input\":{\"@type\":\"PropertyValueSpecification\",\"valueRequired\":true,\"valueName\":\"search_term_string\"}}],\"inLanguage\":\"de\"}]}<\/script>\n<!-- \/ Yoast SEO plugin. -->","yoast_head_json":{"title":"Dynamische Attribution im Affiliate Marketing bei OTTO","description":"Dynamische Attribution - Was ist das eigentlich und wie funktioniert sie? Alle Infos zum innovativen Tracking bei OTTO gibt es hier >>","robots":{"index":"index","follow":"follow","max-snippet":"max-snippet:-1","max-image-preview":"max-image-preview:large","max-video-preview":"max-video-preview:-1"},"canonical":"https:\/\/www.otto.de\/partnerprogramm\/wissenswertes\/dynamische-attribution\/","og_locale":"de_DE","og_type":"article","og_title":"Dynamische Attribution im Affiliate Marketing bei OTTO","og_description":"Dynamische Attribution - Was ist das eigentlich und wie funktioniert sie? Alle Infos zum innovativen Tracking bei OTTO gibt es hier >>","og_url":"https:\/\/www.otto.de\/partnerprogramm\/wissenswertes\/dynamische-attribution\/","og_site_name":"OTTO Affiliate","article_modified_time":"2026-04-15T10:30:57+00:00","twitter_card":"summary_large_image","twitter_misc":{"Est. reading time":"2\u00a0Minuten"},"schema":{"@context":"https:\/\/schema.org","@graph":[{"@type":"WebPage","@id":"https:\/\/www.otto.de\/partnerprogramm\/wissenswertes\/dynamische-attribution\/","url":"https:\/\/www.otto.de\/partnerprogramm\/wissenswertes\/dynamische-attribution\/","name":"Dynamische Attribution im Affiliate Marketing bei OTTO","isPartOf":{"@id":"https:\/\/www.otto.de\/partnerprogramm\/#website"},"datePublished":"2018-06-13T12:50:24+00:00","dateModified":"2026-04-15T10:30:57+00:00","description":"Dynamische Attribution - Was ist das eigentlich und wie funktioniert sie? Alle Infos zum innovativen Tracking bei OTTO gibt es hier >>","breadcrumb":{"@id":"https:\/\/www.otto.de\/partnerprogramm\/wissenswertes\/dynamische-attribution\/#breadcrumb"},"inLanguage":"de","potentialAction":[{"@type":"ReadAction","target":["https:\/\/www.otto.de\/partnerprogramm\/wissenswertes\/dynamische-attribution\/"]}]},{"@type":"BreadcrumbList","@id":"https:\/\/www.otto.de\/partnerprogramm\/wissenswertes\/dynamische-attribution\/#breadcrumb","itemListElement":[{"@type":"ListItem","position":1,"name":"Startseite","item":"https:\/\/edit.otto-partnerprogramm.de\/partnerprogramm\/"},{"@type":"ListItem","position":2,"name":"Wissenswertes","item":"\/partnerprogramm\/wissenswertes\/"},{"@type":"ListItem","position":3,"name":"Dynamische Attribution"}]},{"@type":"WebSite","@id":"https:\/\/www.otto.de\/partnerprogramm\/#website","url":"https:\/\/www.otto.de\/partnerprogramm\/","name":"OTTO Affiliate","description":"Das OTTO Partnerprogramm","potentialAction":[{"@type":"SearchAction","target":{"@type":"EntryPoint","urlTemplate":"https:\/\/www.otto.de\/partnerprogramm\/?s={search_term_string}"},"query-input":{"@type":"PropertyValueSpecification","valueRequired":true,"valueName":"search_term_string"}}],"inLanguage":"de"}]}},"lang":"de","translations":{"de":60,"en":2051},"pll_sync_post":[],"_links":{"self":[{"href":"https:\/\/www.otto.de\/partnerprogramm\/wp-json\/wp\/v2\/pages\/60","targetHints":{"allow":["GET"]}}],"collection":[{"href":"https:\/\/www.otto.de\/partnerprogramm\/wp-json\/wp\/v2\/pages"}],"about":[{"href":"https:\/\/www.otto.de\/partnerprogramm\/wp-json\/wp\/v2\/types\/page"}],"author":[{"embeddable":true,"href":"https:\/\/www.otto.de\/partnerprogramm\/wp-json\/wp\/v2\/users\/17"}],"replies":[{"embeddable":true,"href":"https:\/\/www.otto.de\/partnerprogramm\/wp-json\/wp\/v2\/comments?post=60"}],"version-history":[{"count":73,"href":"https:\/\/www.otto.de\/partnerprogramm\/wp-json\/wp\/v2\/pages\/60\/revisions"}],"predecessor-version":[{"id":2640,"href":"https:\/\/www.otto.de\/partnerprogramm\/wp-json\/wp\/v2\/pages\/60\/revisions\/2640"}],"up":[{"embeddable":true,"href":"https:\/\/www.otto.de\/partnerprogramm\/wp-json\/wp\/v2\/pages\/22"}],"wp:attachment":[{"href":"https:\/\/www.otto.de\/partnerprogramm\/wp-json\/wp\/v2\/media?parent=60"}],"curies":[{"name":"wp","href":"https:\/\/api.w.org\/{rel}","templated":true}]}}