{"id":32,"date":"2018-06-13T12:35:49","date_gmt":"2018-06-13T12:35:49","guid":{"rendered":"https:\/\/www.otto.de\/partnerprogramm\/?page_id=32"},"modified":"2026-04-15T10:29:57","modified_gmt":"2026-04-15T10:29:57","slug":"kontakt","status":"publish","type":"page","link":"https:\/\/www.otto.de\/partnerprogramm\/kontakt\/","title":{"rendered":"Kontakt"},"content":{"rendered":"<div class=\"wpb-content-wrapper\"><p>[vc_row][vc_column][vc_column_text]<\/p>\n<h1>Kontakt<\/h1>\n<h4><span style=\"color: #ff0000;\"><strong><span class=\"ui-provider a b c d e f g h i j k l m n o p q r s t u v w x y z ab ac ae af ag ah ai aj ak\" dir=\"ltr\">Bei Fragen zu deiner Bestellung auf otto.de wende dich bitte an unseren Kundenservice unter <u><a class=\"fui-Link ___10kug0w f3rmtva f1ewtqcl fyind8e f1k6fduh f1w7gpdv fk6fouc fjoy568 figsok6 f1hu3pq6 f11qmguv f19f4twv f1tyq0we f1g0x7ka fhxju0i f1qch9an f1cnd47f fqv5qza f1vmzxwi f1o700av f13mvf36 f1cmlufx f9n3di6 f1ids18y f1tx3yz7 f1deo86v f1eh06m1 f1iescvh fhgqx19 f1olyrje f1p93eir f1nev41a f1h8hb77 f1lqvz6u f10aw75t fsle3fq f17ae5zn\" style=\"color: #ff0000;\" title=\"https:\/\/www.otto.de\/kontakt\" href=\"https:\/\/www.otto.de\/kontakt\" target=\"_blank\" rel=\"noreferrer noopener\" aria-label=\"Link www.otto.de\/Kontakt\">www.otto.de\/kontakt<\/a><\/u><\/span>.<\/strong><\/span><\/h4>\n<p>&nbsp;<\/p>\n<hr \/>\n<p>&nbsp;<\/p>\n<p>Solltest du Fragen zum Affiliate-Programm von OTTO oder Ideen oder Probleme mit der Einbindung der Werbemittel haben, w\u00e4hle als Betreff &#8222;<b>Kontakt zum Team&#8220;. <\/b>M\u00f6chtest du weitere Informationen per E-Mail erhalten, w\u00e4hle<b> &#8222;Mehr Informationen \u00fcber OTTO Aktionen per E-Mail&#8220; <\/b>und schreibe uns \u00fcber das Kontaktformular.<\/p>\n<p>Wir helfen dir gern weiter![\/vc_column_text][\/vc_column][\/vc_row][vc_row][vc_column width=&#8220;1\/6&#8243;][\/vc_column][vc_column width=&#8220;4\/6&#8243;]\n<div class=\"wpcf7 no-js\" id=\"wpcf7-f302-o1\" lang=\"de-DE\" dir=\"ltr\" data-wpcf7-id=\"302\">\n<div class=\"screen-reader-response\"><p role=\"status\" aria-live=\"polite\" aria-atomic=\"true\"><\/p> <ul><\/ul><\/div>\n<form action=\"\/partnerprogramm\/wp-json\/wp\/v2\/pages\/32#wpcf7-f302-o1\" method=\"post\" class=\"wpcf7-form init\" aria-label=\"Contact form\" novalidate=\"novalidate\" data-status=\"init\">\n<fieldset class=\"hidden-fields-container\"><input type=\"hidden\" name=\"_wpcf7\" value=\"302\" \/><input type=\"hidden\" name=\"_wpcf7_version\" value=\"6.1.5\" \/><input type=\"hidden\" name=\"_wpcf7_locale\" value=\"de_DE\" \/><input type=\"hidden\" name=\"_wpcf7_unit_tag\" value=\"wpcf7-f302-o1\" \/><input type=\"hidden\" name=\"_wpcf7_container_post\" value=\"0\" \/><input type=\"hidden\" name=\"_wpcf7_posted_data_hash\" value=\"\" \/><input type=\"hidden\" name=\"_wpcf7_recaptcha_response\" value=\"\" \/>\n<\/fieldset>\n<p><label> Betreff<br \/>\n<span class=\"wpcf7-form-control-wrap\" data-name=\"betreff\"><select class=\"wpcf7-form-control wpcf7-select\" aria-invalid=\"false\" name=\"betreff\"><option value=\"Kontakt zum Team\">Kontakt zum Team<\/option><option value=\"Mehr Informationen \u00fcber OTTO Aktionen per E-Mail\">Mehr Informationen \u00fcber OTTO Aktionen per E-Mail<\/option><\/select><\/span> <\/label>\n<\/p>\n<p><label> Name *<br \/>\n<span class=\"wpcf7-form-control-wrap\" data-name=\"your-name\"><input size=\"40\" maxlength=\"400\" class=\"wpcf7-form-control wpcf7-text wpcf7-validates-as-required\" aria-required=\"true\" aria-invalid=\"false\" value=\"\" type=\"text\" name=\"your-name\" \/><\/span> <\/label>\n<\/p>\n<p><label> E-Mail-Adresse *<br \/>\n<span class=\"wpcf7-form-control-wrap\" data-name=\"your-email\"><input size=\"40\" maxlength=\"400\" class=\"wpcf7-form-control wpcf7-email wpcf7-validates-as-required wpcf7-text wpcf7-validates-as-email\" aria-required=\"true\" aria-invalid=\"false\" value=\"\" type=\"email\" name=\"your-email\" \/><\/span> <\/label>\n<\/p>\n<div>\n\t<p>Bist Du bereits bestehender Partner<br \/>\n<span class=\"wpcf7-form-control-wrap\" data-name=\"already-partner\"><span class=\"wpcf7-form-control wpcf7-radio\"><span class=\"wpcf7-list-item first\"><input type=\"radio\" name=\"already-partner\" value=\"Ja\" \/><span class=\"wpcf7-list-item-label\">Ja<\/span><\/span><span class=\"wpcf7-list-item last\"><input type=\"radio\" name=\"already-partner\" value=\"Nein\" checked=\"checked\" \/><span class=\"wpcf7-list-item-label\">Nein<\/span><\/span><\/span><\/span>\n\t<\/p>\n<\/div>\n<p><label id=\"publisher-id-container\"><br \/>\nBitte trage Deine publisher ID ein *<br \/>\n<span class=\"wpcf7-form-control-wrap\" data-name=\"publisher-id\"><input size=\"40\" maxlength=\"400\" class=\"wpcf7-form-control wpcf7-text\" aria-invalid=\"false\" value=\"\" type=\"text\" name=\"publisher-id\" \/><\/span><br \/>\n<\/label>\n<\/p>\n<p><label> Nachricht<br \/>\n<span class=\"wpcf7-form-control-wrap\" data-name=\"your-message\"><textarea cols=\"40\" rows=\"10\" maxlength=\"2000\" class=\"wpcf7-form-control wpcf7-textarea\" aria-invalid=\"false\" name=\"your-message\"><\/textarea><\/span> <\/label><br \/>\n<span class=\"wpcf7-form-control-wrap recaptcha\" data-name=\"recaptcha\"><span data-sitekey=\"6LeOGWMUAAAAAIbMH1eCpc0yiMcnJ5z2c41TrLQy\" class=\"wpcf7-form-control wpcf7-recaptcha g-recaptcha\"><\/span>\r\n<noscript>\r\n\t<div class=\"grecaptcha-noscript\">\r\n\t\t<iframe loading=\"lazy\" src=\"https:\/\/www.google.com\/recaptcha\/api\/fallback?k=6LeOGWMUAAAAAIbMH1eCpc0yiMcnJ5z2c41TrLQy\" frameborder=\"0\" scrolling=\"no\" width=\"310\" height=\"430\">\r\n\t\t<\/iframe>\r\n\t\t<textarea name=\"g-recaptcha-response\" rows=\"3\" cols=\"40\" placeholder=\"reCaptcha Response Here\">\r\n\t\t<\/textarea>\r\n\t<\/div>\r\n<\/noscript>\r\n<\/span><br \/>\n<input class=\"wpcf7-form-control wpcf7-submit has-spinner\" type=\"submit\" value=\"Absenden\" \/>\n<\/p><div class=\"wpcf7-response-output\" aria-hidden=\"true\"><\/div>\n<\/form>\n<\/div>\n[\/vc_column][vc_column width=&#8220;1\/6&#8243;][\/vc_column][\/vc_row][vc_row][vc_column][vc_empty_space][\/vc_column][\/vc_row][vc_row][vc_column][vc_column_text]<\/p>\n<h3>Das OTTO-Affiliate-Team<\/h3>\n<p>Wir sind das OTTO-Affiliate-Team und stehen unseren Partnern gerne mit Rat und Tat zur Seite. Wir freuen uns, wenn ihr euch bei uns meldet.[\/vc_column_text][\/vc_column][\/vc_row][vc_row][vc_column]<style type=\"text\/css\" data-type=\"the7_shortcodes-inline-css\">.carousel-shortcode.carousel-shortcode-id-f9878d5229d7a5db3b89087e16afe3d2.owl-carousel .owl-nav div {\n  width: 50px;\n  height: 50px;\n  border-radius: 500px;\n}\n.dt-arrow-border-on.carousel-shortcode.carousel-shortcode-id-f9878d5229d7a5db3b89087e16afe3d2.owl-carousel .owl-nav div:not(:hover):before {\n  border-width: 0px;\n}\n.dt-arrow-hover-border-on.carousel-shortcode.carousel-shortcode-id-f9878d5229d7a5db3b89087e16afe3d2.owl-carousel .owl-nav div:hover:after {\n  border-width: 0px;\n}\n.carousel-shortcode.carousel-shortcode-id-f9878d5229d7a5db3b89087e16afe3d2.owl-carousel .owl-nav div.owl-prev {\n  top: 50%;\n  transform: translateY(calc(-50% + 0px));\n  left: -43px;\n}\n@media all and (-ms-high-contrast: none) {\n  .carousel-shortcode.carousel-shortcode-id-f9878d5229d7a5db3b89087e16afe3d2.owl-carousel .owl-nav div.owl-prev {\n    transform: translateY(-50%);\n    margin-top: 0px;\n  }\n}\n.carousel-shortcode.carousel-shortcode-id-f9878d5229d7a5db3b89087e16afe3d2.owl-carousel .owl-nav div.owl-prev i {\n  padding: 0px 0px 0px 0px;\n}\n.carousel-shortcode.carousel-shortcode-id-f9878d5229d7a5db3b89087e16afe3d2.owl-carousel .owl-nav div.owl-next {\n  top: 50%;\n  transform: translateY(calc(-50% + 0px));\n  right: -43px;\n}\n@media all and (-ms-high-contrast: none) {\n  .carousel-shortcode.carousel-shortcode-id-f9878d5229d7a5db3b89087e16afe3d2.owl-carousel .owl-nav div.owl-next {\n    transform: translateY(-50%);\n    margin-top: 0px;\n  }\n}\n.carousel-shortcode.carousel-shortcode-id-f9878d5229d7a5db3b89087e16afe3d2.owl-carousel .owl-nav div.owl-next i {\n  padding: 0px 0px 0px 0px;\n}\n.carousel-shortcode.carousel-shortcode-id-f9878d5229d7a5db3b89087e16afe3d2.owl-carousel .owl-nav i {\n  font-size: 18px;\n}\n.carousel-shortcode.carousel-shortcode-id-f9878d5229d7a5db3b89087e16afe3d2.owl-carousel .owl-nav div:not(:hover) i,\n.carousel-shortcode.carousel-shortcode-id-f9878d5229d7a5db3b89087e16afe3d2.owl-carousel .owl-nav div:not(:hover) i:before {\n  color: #ffffff;\n  background: none;\n}\n.carousel-shortcode.carousel-shortcode-id-f9878d5229d7a5db3b89087e16afe3d2.owl-carousel .owl-nav div:hover i,\n.carousel-shortcode.carousel-shortcode-id-f9878d5229d7a5db3b89087e16afe3d2.owl-carousel .owl-nav div:hover i:before {\n  color: rgba(255,255,255,0.75);\n  background: none;\n}\n.carousel-shortcode.carousel-shortcode-id-f9878d5229d7a5db3b89087e16afe3d2 .owl-dots {\n  top: calc(100% + 20px);\n  left: 50%;\n  transform: translateX(calc(-50% + 0px));\n}\n@media all and (-ms-high-contrast: none) {\n  .carousel-shortcode.carousel-shortcode-id-f9878d5229d7a5db3b89087e16afe3d2 .owl-dots {\n    transform: translateX(-50%);\n    margin-left: 0px;\n  }\n}\n.carousel-shortcode.carousel-shortcode-id-f9878d5229d7a5db3b89087e16afe3d2 .owl-dot {\n  width: 10px;\n  height: 10px;\n  margin: 0 8px;\n}\n@media screen and (max-width: 778px) {\n  .carousel-shortcode.carousel-shortcode-id-f9878d5229d7a5db3b89087e16afe3d2.hide-arrows .owl-nav a {\n    display: none;\n  }\n}\n@media screen and (max-width: 778px) {\n  .carousel-shortcode.carousel-shortcode-id-f9878d5229d7a5db3b89087e16afe3d2.reposition-arrows .owl-nav div.owl-prev {\n    top: 50%;\n    transform: translateY(calc(-50% + 0px));\n    left: -35px;\n  }\n  .carousel-shortcode.carousel-shortcode-id-f9878d5229d7a5db3b89087e16afe3d2.reposition-arrows .owl-nav div.owl-next {\n    top: 50%;\n    transform: translateY(calc(-50% + 0px));\n    right: -35px;\n  }\n}\n@media screen and (max-width: 778px) and all and (-ms-high-contrast: none) {\n  .carousel-shortcode.carousel-shortcode-id-f9878d5229d7a5db3b89087e16afe3d2.reposition-arrows .owl-nav div.owl-prev {\n    transform: translateY(-50%);\n    margin-top: 0px;\n  }\n}\n@media screen and (max-width: 778px) and all and (-ms-high-contrast: none) {\n  .carousel-shortcode.carousel-shortcode-id-f9878d5229d7a5db3b89087e16afe3d2.reposition-arrows .owl-nav div.owl-next {\n    transform: translateY(-50%);\n    margin-top: 0px;\n  }\n}<\/style><div class=\"owl-carousel carousel-shortcode dt-owl-carousel-call carousel-shortcode-id-f9878d5229d7a5db3b89087e16afe3d2 bullets-small-dot-stroke reposition-arrows arrows-bg-on dt-arrow-border-on dt-arrow-hover-border-on disable-arrows-hover-bg arrows-hover-bg-on  \" data-scroll-mode=\"1\" data-col-num=\"3\" data-wide-col-num=\"3\" data-laptop-col=\"3\" data-h-tablet-columns-num=\"2\" data-v-tablet-columns-num=\"2\" data-phone-columns-num=\"1\" data-auto-height=\"false\" data-col-gap=\"30\" data-stage-padding=\"0\" data-speed=\"600\" data-autoplay=\"false\" data-autoplay_speed=\"6000\" data-arrows=\"true\" data-bullet=\"false\" data-next-icon=\"icon-ar-021-r\" data-prev-icon=\"icon-ar-021-l\">[vc_hoverbox image=&#8220;2588&#8243; primary_title=&#8220;&#8220; hover_title=&#8220;Natascha&#8220; hover_title_font_container=&#8220;font_size:15&#8243; hover_title_google_fonts=&#8220;font_family:Open%20Sans%3A300%2C300italic%2Cregular%2Citalic%2C600%2C600italic%2C700%2C700italic%2C800%2C800italic|font_style:400%20regular%3A400%3Anormal&#8220; shape=&#8220;square&#8220; use_custom_fonts_hover_title=&#8220;true&#8220;]Hallo, ich unterst\u00fctze das Team als Werkstudentin.[\/vc_hoverbox][vc_hoverbox image=&#8220;2592&#8243; primary_title=&#8220;&#8220; hover_title=&#8220;Hauke&#8220; hover_title_font_container=&#8220;font_size:15&#8243; hover_title_google_fonts=&#8220;font_family:Open%20Sans%3A300%2C300italic%2Cregular%2Citalic%2C600%2C600italic%2C700%2C700italic%2C800%2C800italic|font_style:400%20regular%3A400%3Anormal&#8220; shape=&#8220;square&#8220; use_custom_fonts_hover_title=&#8220;true&#8220;]Moin, ich bin euer Ansprechpartner, wenn es um Gutscheinseiten geht.[\/vc_hoverbox][vc_hoverbox image=&#8220;786&#8243; primary_title=&#8220;&#8220; hover_title=&#8220;Andrea&#8220; hover_title_font_container=&#8220;font_size:15&#8243; hover_title_google_fonts=&#8220;font_family:Open%20Sans%3A300%2C300italic%2Cregular%2Citalic%2C600%2C600italic%2C700%2C700italic%2C800%2C800italic|font_style:400%20regular%3A400%3Anormal&#8220; shape=&#8220;square&#8220; use_custom_fonts_hover_title=&#8220;true&#8220;]Ihr betreibt eine Content-, Deal &amp; Schn\u00e4ppchen oder Cashbackseite? Dann meldet euch bei mir.[\/vc_hoverbox][vc_hoverbox image=&#8220;1547&#8243; primary_title=&#8220;&#8220; hover_title=&#8220;Rieke&#8220; hover_title_font_container=&#8220;font_size:15&#8243; hover_title_google_fonts=&#8220;font_family:Open%20Sans%3A300%2C300italic%2Cregular%2Citalic%2C600%2C600italic%2C700%2C700italic%2C800%2C800italic|font_style:400%20regular%3A400%3Anormal&#8220; shape=&#8220;square&#8220; use_custom_fonts_hover_title=&#8220;true&#8220;]Moin, moin, ich bin in meiner Funktion als Teamleitung gerne f\u00fcr \u00fcbergreifenden Themen als Ansprechpartnerin f\u00fcr euch da.[\/vc_hoverbox][vc_hoverbox image=&#8220;2352&#8243; primary_title=&#8220;&#8220; hover_title=&#8220;Sarah&#8220; hover_title_font_container=&#8220;font_size:15&#8243; hover_title_google_fonts=&#8220;font_family:Open%20Sans%3A300%2C300italic%2Cregular%2Citalic%2C600%2C600italic%2C700%2C700italic%2C800%2C800italic|font_style:400%20regular%3A400%3Anormal&#8220; shape=&#8220;square&#8220; use_custom_fonts_hover_title=&#8220;true&#8220;]<span class=\"ui-provider vm b c d e f g h i j k l m n o p q r s t u v w x y z ab ac ae af ag ah ai aj ak\" dir=\"ltr\">Moin, egal ob Produkt- oder Preissuchmaschine, Startseite oder Influencer-Netzwerk, ich helfe dir gerne bei allen deinen Fragen.<\/span>[\/vc_hoverbox]<\/div>[\/vc_column][\/vc_row]<\/p>\n<\/div>","protected":false},"excerpt":{"rendered":"<p>[vc_row][vc_column][vc_column_text] Kontakt Bei Fragen zu deiner Bestellung auf otto.de wende dich bitte an unseren Kundenservice unter www.otto.de\/kontakt. &nbsp; &nbsp; Solltest du Fragen zum Affiliate-Programm von OTTO oder Ideen oder Probleme mit der Einbindung der Werbemittel haben, w\u00e4hle als Betreff &#8222;Kontakt zum Team&#8220;. M\u00f6chtest du weitere Informationen per E-Mail erhalten, w\u00e4hle &#8222;Mehr Informationen \u00fcber OTTO Aktionen<\/p>\n","protected":false},"author":17,"featured_media":0,"parent":0,"menu_order":0,"comment_status":"closed","ping_status":"closed","template":"","meta":{"_acf_changed":false,"footnotes":""},"class_list":["post-32","page","type-page","status-publish","hentry","description-off"],"acf":[],"yoast_head":"<!-- This site is optimized with the Yoast SEO plugin v27.3 - https:\/\/yoast.com\/product\/yoast-seo-wordpress\/ -->\n<title>Kontaktformular des OTTO Partnerprogramms<\/title>\n<meta name=\"description\" content=\"Bei Fragen zum OTTO Partnerprogramm oder Ideen\/Probleme mit der Einbindung der Werbemittel haben kann jederzeit das OTTO Affiliate Team kontaktiert werden.\" \/>\n<meta name=\"robots\" content=\"noindex, follow\" \/>\n<meta property=\"og:locale\" content=\"de_DE\" \/>\n<meta property=\"og:type\" content=\"article\" \/>\n<meta property=\"og:title\" content=\"Kontaktformular des OTTO Partnerprogramms\" \/>\n<meta property=\"og:description\" content=\"Bei Fragen zum OTTO Partnerprogramm oder Ideen\/Probleme mit der Einbindung der Werbemittel haben kann jederzeit das OTTO Affiliate Team kontaktiert werden.\" \/>\n<meta property=\"og:url\" content=\"https:\/\/www.otto.de\/partnerprogramm\/kontakt\/\" \/>\n<meta property=\"og:site_name\" content=\"OTTO Affiliate\" \/>\n<meta property=\"article:modified_time\" content=\"2026-04-15T10:29:57+00:00\" \/>\n<meta name=\"twitter:card\" content=\"summary_large_image\" \/>\n<meta name=\"twitter:label1\" content=\"Est. reading time\" \/>\n\t<meta name=\"twitter:data1\" content=\"3\u00a0Minuten\" \/>\n<script type=\"application\/ld+json\" class=\"yoast-schema-graph\">{\"@context\":\"https:\\\/\\\/schema.org\",\"@graph\":[{\"@type\":\"WebPage\",\"@id\":\"https:\\\/\\\/www.otto.de\\\/partnerprogramm\\\/kontakt\\\/\",\"url\":\"https:\\\/\\\/www.otto.de\\\/partnerprogramm\\\/kontakt\\\/\",\"name\":\"Kontaktformular des OTTO Partnerprogramms\",\"isPartOf\":{\"@id\":\"https:\\\/\\\/www.otto.de\\\/partnerprogramm\\\/#website\"},\"datePublished\":\"2018-06-13T12:35:49+00:00\",\"dateModified\":\"2026-04-15T10:29:57+00:00\",\"description\":\"Bei Fragen zum OTTO Partnerprogramm oder Ideen\\\/Probleme mit der Einbindung der Werbemittel haben kann jederzeit das OTTO Affiliate Team kontaktiert werden.\",\"breadcrumb\":{\"@id\":\"https:\\\/\\\/www.otto.de\\\/partnerprogramm\\\/kontakt\\\/#breadcrumb\"},\"inLanguage\":\"de\",\"potentialAction\":[{\"@type\":\"ReadAction\",\"target\":[\"https:\\\/\\\/www.otto.de\\\/partnerprogramm\\\/kontakt\\\/\"]}]},{\"@type\":\"BreadcrumbList\",\"@id\":\"https:\\\/\\\/www.otto.de\\\/partnerprogramm\\\/kontakt\\\/#breadcrumb\",\"itemListElement\":[{\"@type\":\"ListItem\",\"position\":1,\"name\":\"Startseite\",\"item\":\"https:\\\/\\\/edit.otto-partnerprogramm.de\\\/partnerprogramm\\\/\"},{\"@type\":\"ListItem\",\"position\":2,\"name\":\"Kontakt\"}]},{\"@type\":\"WebSite\",\"@id\":\"https:\\\/\\\/www.otto.de\\\/partnerprogramm\\\/#website\",\"url\":\"https:\\\/\\\/www.otto.de\\\/partnerprogramm\\\/\",\"name\":\"OTTO Affiliate\",\"description\":\"Das OTTO Partnerprogramm\",\"potentialAction\":[{\"@type\":\"SearchAction\",\"target\":{\"@type\":\"EntryPoint\",\"urlTemplate\":\"https:\\\/\\\/www.otto.de\\\/partnerprogramm\\\/?s={search_term_string}\"},\"query-input\":{\"@type\":\"PropertyValueSpecification\",\"valueRequired\":true,\"valueName\":\"search_term_string\"}}],\"inLanguage\":\"de\"}]}<\/script>\n<!-- \/ Yoast SEO plugin. -->","yoast_head_json":{"title":"Kontaktformular des OTTO Partnerprogramms","description":"Bei Fragen zum OTTO Partnerprogramm oder Ideen\/Probleme mit der Einbindung der Werbemittel haben kann jederzeit das OTTO Affiliate Team kontaktiert werden.","robots":{"index":"noindex","follow":"follow"},"og_locale":"de_DE","og_type":"article","og_title":"Kontaktformular des OTTO Partnerprogramms","og_description":"Bei Fragen zum OTTO Partnerprogramm oder Ideen\/Probleme mit der Einbindung der Werbemittel haben kann jederzeit das OTTO Affiliate Team kontaktiert werden.","og_url":"https:\/\/www.otto.de\/partnerprogramm\/kontakt\/","og_site_name":"OTTO Affiliate","article_modified_time":"2026-04-15T10:29:57+00:00","twitter_card":"summary_large_image","twitter_misc":{"Est. reading time":"3\u00a0Minuten"},"schema":{"@context":"https:\/\/schema.org","@graph":[{"@type":"WebPage","@id":"https:\/\/www.otto.de\/partnerprogramm\/kontakt\/","url":"https:\/\/www.otto.de\/partnerprogramm\/kontakt\/","name":"Kontaktformular des OTTO Partnerprogramms","isPartOf":{"@id":"https:\/\/www.otto.de\/partnerprogramm\/#website"},"datePublished":"2018-06-13T12:35:49+00:00","dateModified":"2026-04-15T10:29:57+00:00","description":"Bei Fragen zum OTTO Partnerprogramm oder Ideen\/Probleme mit der Einbindung der Werbemittel haben kann jederzeit das OTTO Affiliate Team kontaktiert werden.","breadcrumb":{"@id":"https:\/\/www.otto.de\/partnerprogramm\/kontakt\/#breadcrumb"},"inLanguage":"de","potentialAction":[{"@type":"ReadAction","target":["https:\/\/www.otto.de\/partnerprogramm\/kontakt\/"]}]},{"@type":"BreadcrumbList","@id":"https:\/\/www.otto.de\/partnerprogramm\/kontakt\/#breadcrumb","itemListElement":[{"@type":"ListItem","position":1,"name":"Startseite","item":"https:\/\/edit.otto-partnerprogramm.de\/partnerprogramm\/"},{"@type":"ListItem","position":2,"name":"Kontakt"}]},{"@type":"WebSite","@id":"https:\/\/www.otto.de\/partnerprogramm\/#website","url":"https:\/\/www.otto.de\/partnerprogramm\/","name":"OTTO Affiliate","description":"Das OTTO Partnerprogramm","potentialAction":[{"@type":"SearchAction","target":{"@type":"EntryPoint","urlTemplate":"https:\/\/www.otto.de\/partnerprogramm\/?s={search_term_string}"},"query-input":{"@type":"PropertyValueSpecification","valueRequired":true,"valueName":"search_term_string"}}],"inLanguage":"de"}]}},"lang":"de","translations":{"de":32,"en":2045},"pll_sync_post":[],"_links":{"self":[{"href":"https:\/\/www.otto.de\/partnerprogramm\/wp-json\/wp\/v2\/pages\/32","targetHints":{"allow":["GET"]}}],"collection":[{"href":"https:\/\/www.otto.de\/partnerprogramm\/wp-json\/wp\/v2\/pages"}],"about":[{"href":"https:\/\/www.otto.de\/partnerprogramm\/wp-json\/wp\/v2\/types\/page"}],"author":[{"embeddable":true,"href":"https:\/\/www.otto.de\/partnerprogramm\/wp-json\/wp\/v2\/users\/17"}],"replies":[{"embeddable":true,"href":"https:\/\/www.otto.de\/partnerprogramm\/wp-json\/wp\/v2\/comments?post=32"}],"version-history":[{"count":54,"href":"https:\/\/www.otto.de\/partnerprogramm\/wp-json\/wp\/v2\/pages\/32\/revisions"}],"predecessor-version":[{"id":2604,"href":"https:\/\/www.otto.de\/partnerprogramm\/wp-json\/wp\/v2\/pages\/32\/revisions\/2604"}],"wp:attachment":[{"href":"https:\/\/www.otto.de\/partnerprogramm\/wp-json\/wp\/v2\/media?parent=32"}],"curies":[{"name":"wp","href":"https:\/\/api.w.org\/{rel}","templated":true}]}}