{"id":1699,"date":"2021-05-10T09:03:01","date_gmt":"2021-05-10T09:03:01","guid":{"rendered":"https:\/\/www.otto.de\/partnerprogramm\/?page_id=1699"},"modified":"2026-04-15T10:30:54","modified_gmt":"2026-04-15T10:30:54","slug":"bewerbungsrichtlinien","status":"publish","type":"page","link":"https:\/\/www.otto.de\/partnerprogramm\/wissenswertes\/bewerbungsrichtlinien\/","title":{"rendered":"Bewerbungsrichtlinien"},"content":{"rendered":"<div class=\"wpb-content-wrapper\"><p>[vc_row][vc_column]<div class=\"headline\">\n    <\/div>\n[vc_column_text]Unter diesem Abschnitt findet ihr unsere Regeln und Richtlinien, welche je nach Partnersegment sowie nach allgemeinen Regeln aufgeteilt werden. Dieser Abschnitt dient als \u00dcbersicht und erg\u00e4nzt unsere bindenden <a href=\"https:\/\/www.otto.de\/partnerprogramm\/teilnahmebedingungen\/\">Teilnahmebedingungen<\/a>.[\/vc_column_text][\/vc_column][\/vc_row][vc_row][vc_column][vc_accordion active_tab=&#8220;false&#8220; collapsible=&#8220;yes&#8220; style=&#8220;2&#8243;][vc_accordion_tab title=&#8220;Allgemeine Richtlinien&#8220;][vc_column_text]Direkte Bewerbung von OTTO, sowie indirekte Werbung \u00fcber eine Drittpartei ist untersagt, wenn diese gegen unsere Unternehmenswerte und Regeln versto\u00dfen. Diese Regeln gelten f\u00fcr alle Segmente:[\/vc_column_text]<div class=\"standard-arrow list-divider bullet-top\"><ul>\n<li>Website ist frei von Pornographie, Gewaltdarstellungen (Sexuelle Gewalt, T\u00f6tung von Menschen oder Tieren), diskriminierenden Darstellungen von Personen, Beleidigungen, extremistischen, radikalpolitischen oder jugendgef\u00e4hrdenden Inhalten, Verharmlosungen oder Verherrlichungen von Drogen und Waffen und einem nicht ad\u00e4quaten Sprachgebrauch(sexualisierte Sprache, derber Sprachgebrauch, Gottesl\u00e4sterung, etc.) ist und keine Verlinkung zu anderen Websites mit solchen Inhalten herstellt.<\/li>\n<li>Impressum nach \u00a75 Telemediengesetz ist vorhanden<\/li>\n<li>OTTO Logo ist aktuell<\/li>\n<li>OTTO Links sind aktuell<\/li>\n<li>Eine Bewerbung von Gutscheinen ist generell untersagt, es sei denn, diese sind im Aktionstool zur Bewerbung freigegeben<\/li>\n<li>URL&#8217;s \/ Webseiten, die nach Best\u00e4tigung der Partnerschaft hinzugef\u00fcgt werden, m\u00fcssen OTTO schriftlich mitgeteilt und freigegeben werden, bevor eine Bewerbung von OTTO integriert wird.<\/li>\n<\/ul>\n<\/div>[\/vc_accordion_tab][vc_accordion_tab title=&#8220;Beschreibung von OTTO&#8220;][vc_column_text]Sollte eine Beschreibung von OTTO auf eurer Website\/URL ben\u00f6tigt werden, kann gerne diese genutzt werden:<em> &#8222;M\u00f6bel, Technik &amp; Mode: Mit mehr als 5 Millionen Artikeln von \u00fcber 7.000 Marken ist OTTO eine der f\u00fchrenden deutschen Onlineshopping-Plattformen, die sich im Rahmen ihrer Transformation k\u00fcnftig f\u00fcr noch mehr Marken und Partner \u00f6ffnet. OTTO ist Teil der international t\u00e4tigen Otto Group mit Sitz in Hamburg und besch\u00e4ftigt deutschlandweit 4.900 Menschen. Im Gesch\u00e4ftsjahr 2019\/20 erzielte OTTO einen Umsatz von 3,5 Milliarden Euro.&#8220;<\/em>[\/vc_column_text][\/vc_accordion_tab][vc_accordion_tab title=&#8220;Produktdatenbasierte Partnerschaften&#8220;][vc_column_text]<\/p>\n<div>Bei produktdatenbasierten Partnerschaften beachtet bitte \u00fcber die im Abschnitt Allgemein genannten Regeln folgendes:<\/div>\n<p>[\/vc_column_text]<div class=\"standard-arrow list-divider bullet-top\"><ul>\n<li>Wir empfehlen die Produktdaten mind. ein Mal t\u00e4glich zu aktualisieren, um bestm\u00f6glich Preis-, Liefer- und Bestands\u00e4nderungen zu erfassen. Wir stellen aktualisierte Daten zwei Mal t\u00e4glich um etwa 3:30 Uhr und 15:30 Uhr \u00fcber unsere Netzwerke bereit.<\/li>\n<li>Sofern Produkttests und\/oder -vergleiche gemacht werden, muss dem User transparent dargelegt werden, nach welchem Verfahren die Produkte bewertet werden.<\/li>\n<\/ul>\n<\/div>[\/vc_accordion_tab][vc_accordion_tab title=&#8220;Cashback-Partner&#8220;][vc_column_text]Cashback-Partnern raten wir, sich zus\u00e4tzlich zu diesem Abschnitt mit den <a href=\"https:\/\/www.otto.de\/partnerprogramm\/teilnahmebedingungen\/\">Teilnahmebedingungen<\/a> vertraut zu machen und sich bei weiteren Fragen gerne an uns \u00fcber das <a href=\"https:\/\/www.otto.de\/partnerprogramm\/kontakt\/\">Kontaktformular<\/a> oder den gewohnten Kontaktweg zu melden..[\/vc_column_text][vc_column_text]<\/p>\n<h3>Ausnahmen<\/h3>\n<p>[\/vc_column_text][vc_separator border_width=&#8220;5&#8243;]<div class=\"standard-arrow list-divider bullet-top\"><ul>\n<li>Bestellungen mit einem Bestellwert von unter 30,00\u20ac (Netto-)Warenwert abz\u00fcglich der Versandkosten<\/li>\n<li>Bestellungen die nicht \u00fcber [<em>Name des Cashbackportals<\/em>] get\u00e4tigt wurden<\/li>\n<li>Bestellungen, die retourniert oder storniert werden<\/li>\n<li>Bestellungen die telefonisch mit einem OTTO-Kundenberater bearbeitet oder storniert werden<\/li>\n<li>Bestellungen von OTTO Marktplatzartikeln, die andere Verk\u00e4ufer auf der Plattform OTTO verkaufen. Diese sind auf der OTTO-Webseite erkennbar durch die Angabe: \u201eVerkauf durch Partnername\u201c<\/li>\n<li>Bestellungen, die B\u00fccher, die der Buchpreisbindung unterliegen, enthalten<\/li>\n<li>Bestellungen von provisionsberechtigten Kunden, die bereits regelm\u00e4\u00dfig und\/ oder automatisch einen monet\u00e4ren Vorteil von OTTO erhalten.<\/li>\n<li>Bestellungen von Sammel-, Mit- und Freundschaftsbestellern<\/li>\n<li>Bestellungen von Mitarbeitern der Otto Gruppe und Rentnern der OTTO Gruppe<\/li>\n<li>Bestellungen von Geschenk- oder Warengutscheinen<\/li>\n<li>Gewerbliche Bestellungen<\/li>\n<\/ul>\n<\/div>[vc_column_text]<\/p>\n<h3>Hinweise<\/h3>\n<p>[\/vc_column_text][vc_separator border_width=&#8220;5&#8243;]<div class=\"standard-arrow list-divider bullet-top\"><ul>\n<li>&#8222;Cashback&#8220; [<em>Begrifflichkeit je nach Auszahlungsw\u00e4hrung anpassen: Meilen, Punkte, Coins, etc<\/em>.]\u00a0 kann nur gesammelt werden, wenn ein Benutzerkonto angelegt ist und der Kunde angemeldet \u00fcber die Seite des Cashbackpartners auf die OTTO-Webseite gelangt<\/li>\n<li>Nach dem Klick \u00fcber die [<em>Name des Cashbackportals<\/em>] Website zum Shop muss der Einkauf direkt abgeschlossen werden, ansonsten wird kein Cashback ausgezahlt<\/li>\n<li>Bei der Nutzung der [<em>Name des Cashbackportals<\/em>] -App und anschlie\u00dfender Nutzung der App von OTTO findet keine Punktebuchung statt, sofern kein App2App Tracking im Einsatz ist.<\/li>\n<li>Standardeinstellungen f\u00fcr Browser: Werbeblocker m\u00fcssen zum Sammeln von Cashback deaktiviert sein. Cookies m\u00fcssen akzeptiert werden. Anonymisierungseinstellungen im Browser m\u00fcssen deaktiviert sein.<\/li>\n<li>Bei Retouren wird die Cashback-H\u00f6he an den finalen Kaufpreis angepasst<\/li>\n<li>Es kann bis zu 120 Tage dauern, bis die Punkte im Benutzerkonto best\u00e4tigt werden<\/li>\n<li>Eine nachtr\u00e4gliche Bearbeitung von Buchungen- oder Storno ist nicht m\u00f6glich<\/li>\n<li>OTTO beh\u00e4lt sich das Recht vor, bei Lieferungen, die nach 3 Monaten nicht ausgeliefert werden konnten, dass Cashback zu stornieren<\/li>\n<li>Es k\u00f6nnen nicht mehrere Cashback-Angebote von verschiedenen Cashback-Portalen kombiniert werden<\/li>\n<\/ul>\n<\/div>[\/vc_accordion_tab][vc_accordion_tab title=&#8220;Influencer-Netzwerk&#8220;][vc_column_text]<\/p>\n<div>Wir m\u00f6chten die Influencer-Netzwerke dazu anhalten, zu beachten, dass die <strong>registrierten <\/strong>Influencer ebenfalls nicht gegen unsere Richtlinien versto\u00dfen <strong>d\u00fcrfen und daf\u00fcr Sorge zu tragen haben<\/strong>.<\/div>\n<div>Die folgenden Punkte repr\u00e4sentieren ein Handeln, welche gegen unsere Richtlinien versto\u00dfen:<\/div>\n<p>[\/vc_column_text]<div class=\"standard-arrow list-divider bullet-top\"><ul>\n<li>Polarisierte politische Meinungs\u00e4u\u00dferung, Beteiligung im politisch-extremistischen Bereich, sowie jegliche Formen von Diskriminierung (und \u00c4u\u00dferungen) gegen politische Minderheiten (bspw. Auf Grund von Geschlecht, Religion, Herkunft, sexueller Orientierung, Alter, etc.) sind nicht erlaubt<\/li>\n<li>Unerw\u00fcnscht ist skandal\u00f6se, negative oder kontroverse Berichterstattung , sowie Medien-Auftreten in den letzten 60 Tagen<\/li>\n<li>Kein pr\u00e4sentieren von Kindern in einer pers\u00f6nlichkeitseinschr\u00e4nkenden Weise (dazu z\u00e4hlt auch das Zeigen unbekleideter Kinder) ist gestattet<\/li>\n<li>Bewerbung sollte prim\u00e4r f\u00fcr den deutschen Markt stattfinden, bevorzugt in deutscher Sprache. Anglizismen sind erlaubt.<\/li>\n<li>Es sollte kein objektifizierender, sexualisierender oder pornografischer Content pr\u00e4sentiert werden<\/li>\n<li>Keine Form von Kriegs- oder Gewaltverherrlichung, sowie das Zeigen illegalen Dingen (Waffen, Drogen, etc.) sowie Menschenrechtsverletzungen sind gestattet<\/li>\n<\/ul>\n<\/div>[\/vc_accordion_tab][\/vc_accordion][\/vc_column][\/vc_row][vc_row][vc_column][\/vc_column][\/vc_row]<\/p>\n<\/div>","protected":false},"excerpt":{"rendered":"<p>[vc_row][vc_column][vc_column_text]Unter diesem Abschnitt findet ihr unsere Regeln und Richtlinien, welche je nach Partnersegment sowie nach allgemeinen Regeln aufgeteilt werden. Dieser Abschnitt dient als \u00dcbersicht und erg\u00e4nzt unsere bindenden Teilnahmebedingungen.[\/vc_column_text][\/vc_column][\/vc_row][vc_row][vc_column][vc_accordion active_tab=&#8220;false&#8220; collapsible=&#8220;yes&#8220; style=&#8220;2&#8243;][vc_accordion_tab title=&#8220;Allgemeine Richtlinien&#8220;][vc_column_text]Direkte Bewerbung von OTTO, sowie indirekte Werbung \u00fcber eine Drittpartei ist untersagt, wenn diese gegen unsere Unternehmenswerte und Regeln versto\u00dfen. Diese Regeln<\/p>\n","protected":false},"author":7,"featured_media":1702,"parent":22,"menu_order":0,"comment_status":"closed","ping_status":"closed","template":"","meta":{"_acf_changed":false,"footnotes":""},"class_list":["post-1699","page","type-page","status-publish","has-post-thumbnail","hentry","description-off"],"acf":[],"yoast_head":"<!-- This site is optimized with the Yoast SEO plugin v27.3 - https:\/\/yoast.com\/product\/yoast-seo-wordpress\/ -->\n<title>Bewerbungsrichtlinien - OTTO Affiliate<\/title>\n<meta name=\"description\" content=\"Bewerbungsrichtlinien f\u00fcr Affiliate Partner des OTTO-Partnerprogramm\" \/>\n<meta name=\"robots\" content=\"index, follow, max-snippet:-1, max-image-preview:large, max-video-preview:-1\" \/>\n<link rel=\"canonical\" href=\"https:\/\/www.otto.de\/partnerprogramm\/wissenswertes\/bewerbungsrichtlinien\/\" \/>\n<meta property=\"og:locale\" content=\"de_DE\" \/>\n<meta property=\"og:type\" content=\"article\" \/>\n<meta property=\"og:title\" content=\"Bewerbungsrichtlinien - OTTO Affiliate\" \/>\n<meta property=\"og:description\" content=\"Bewerbungsrichtlinien f\u00fcr Affiliate Partner des OTTO-Partnerprogramm\" \/>\n<meta property=\"og:url\" content=\"https:\/\/www.otto.de\/partnerprogramm\/wissenswertes\/bewerbungsrichtlinien\/\" \/>\n<meta property=\"og:site_name\" content=\"OTTO Affiliate\" \/>\n<meta property=\"article:modified_time\" content=\"2026-04-15T10:30:54+00:00\" \/>\n<meta property=\"og:image\" content=\"https:\/\/www.otto.de\/partnerprogramm\/app\/uploads\/2021\/05\/tingey-injury-law-firm-DZpc4UY8Z.jpg\" \/>\n\t<meta property=\"og:image:width\" content=\"1920\" \/>\n\t<meta property=\"og:image:height\" content=\"1280\" \/>\n\t<meta property=\"og:image:type\" content=\"image\/jpeg\" \/>\n<meta name=\"twitter:card\" content=\"summary_large_image\" \/>\n<meta name=\"twitter:label1\" content=\"Est. reading time\" \/>\n\t<meta name=\"twitter:data1\" content=\"5\u00a0Minuten\" \/>\n<script type=\"application\/ld+json\" class=\"yoast-schema-graph\">{\"@context\":\"https:\\\/\\\/schema.org\",\"@graph\":[{\"@type\":\"WebPage\",\"@id\":\"https:\\\/\\\/www.otto.de\\\/partnerprogramm\\\/wissenswertes\\\/bewerbungsrichtlinien\\\/\",\"url\":\"https:\\\/\\\/www.otto.de\\\/partnerprogramm\\\/wissenswertes\\\/bewerbungsrichtlinien\\\/\",\"name\":\"Bewerbungsrichtlinien - OTTO Affiliate\",\"isPartOf\":{\"@id\":\"https:\\\/\\\/www.otto.de\\\/partnerprogramm\\\/#website\"},\"primaryImageOfPage\":{\"@id\":\"https:\\\/\\\/www.otto.de\\\/partnerprogramm\\\/wissenswertes\\\/bewerbungsrichtlinien\\\/#primaryimage\"},\"image\":{\"@id\":\"https:\\\/\\\/www.otto.de\\\/partnerprogramm\\\/wissenswertes\\\/bewerbungsrichtlinien\\\/#primaryimage\"},\"thumbnailUrl\":\"https:\\\/\\\/www.otto.de\\\/partnerprogramm\\\/app\\\/uploads\\\/2021\\\/05\\\/tingey-injury-law-firm-DZpc4UY8Z.jpg\",\"datePublished\":\"2021-05-10T09:03:01+00:00\",\"dateModified\":\"2026-04-15T10:30:54+00:00\",\"description\":\"Bewerbungsrichtlinien f\u00fcr Affiliate Partner des OTTO-Partnerprogramm\",\"breadcrumb\":{\"@id\":\"https:\\\/\\\/www.otto.de\\\/partnerprogramm\\\/wissenswertes\\\/bewerbungsrichtlinien\\\/#breadcrumb\"},\"inLanguage\":\"de\",\"potentialAction\":[{\"@type\":\"ReadAction\",\"target\":[\"https:\\\/\\\/www.otto.de\\\/partnerprogramm\\\/wissenswertes\\\/bewerbungsrichtlinien\\\/\"]}]},{\"@type\":\"ImageObject\",\"inLanguage\":\"de\",\"@id\":\"https:\\\/\\\/www.otto.de\\\/partnerprogramm\\\/wissenswertes\\\/bewerbungsrichtlinien\\\/#primaryimage\",\"url\":\"https:\\\/\\\/www.otto.de\\\/partnerprogramm\\\/app\\\/uploads\\\/2021\\\/05\\\/tingey-injury-law-firm-DZpc4UY8Z.jpg\",\"contentUrl\":\"https:\\\/\\\/www.otto.de\\\/partnerprogramm\\\/app\\\/uploads\\\/2021\\\/05\\\/tingey-injury-law-firm-DZpc4UY8Z.jpg\",\"width\":1920,\"height\":1280},{\"@type\":\"BreadcrumbList\",\"@id\":\"https:\\\/\\\/www.otto.de\\\/partnerprogramm\\\/wissenswertes\\\/bewerbungsrichtlinien\\\/#breadcrumb\",\"itemListElement\":[{\"@type\":\"ListItem\",\"position\":1,\"name\":\"Startseite\",\"item\":\"https:\\\/\\\/edit.otto-partnerprogramm.de\\\/partnerprogramm\\\/\"},{\"@type\":\"ListItem\",\"position\":2,\"name\":\"Wissenswertes\",\"item\":\"\\\/partnerprogramm\\\/wissenswertes\\\/\"},{\"@type\":\"ListItem\",\"position\":3,\"name\":\"Bewerbungsrichtlinien\"}]},{\"@type\":\"WebSite\",\"@id\":\"https:\\\/\\\/www.otto.de\\\/partnerprogramm\\\/#website\",\"url\":\"https:\\\/\\\/www.otto.de\\\/partnerprogramm\\\/\",\"name\":\"OTTO Affiliate\",\"description\":\"Das OTTO Partnerprogramm\",\"potentialAction\":[{\"@type\":\"SearchAction\",\"target\":{\"@type\":\"EntryPoint\",\"urlTemplate\":\"https:\\\/\\\/www.otto.de\\\/partnerprogramm\\\/?s={search_term_string}\"},\"query-input\":{\"@type\":\"PropertyValueSpecification\",\"valueRequired\":true,\"valueName\":\"search_term_string\"}}],\"inLanguage\":\"de\"}]}<\/script>\n<!-- \/ Yoast SEO plugin. -->","yoast_head_json":{"title":"Bewerbungsrichtlinien - OTTO Affiliate","description":"Bewerbungsrichtlinien f\u00fcr Affiliate Partner des OTTO-Partnerprogramm","robots":{"index":"index","follow":"follow","max-snippet":"max-snippet:-1","max-image-preview":"max-image-preview:large","max-video-preview":"max-video-preview:-1"},"canonical":"https:\/\/www.otto.de\/partnerprogramm\/wissenswertes\/bewerbungsrichtlinien\/","og_locale":"de_DE","og_type":"article","og_title":"Bewerbungsrichtlinien - OTTO Affiliate","og_description":"Bewerbungsrichtlinien f\u00fcr Affiliate Partner des OTTO-Partnerprogramm","og_url":"https:\/\/www.otto.de\/partnerprogramm\/wissenswertes\/bewerbungsrichtlinien\/","og_site_name":"OTTO Affiliate","article_modified_time":"2026-04-15T10:30:54+00:00","og_image":[{"width":1920,"height":1280,"url":"https:\/\/www.otto.de\/partnerprogramm\/app\/uploads\/2021\/05\/tingey-injury-law-firm-DZpc4UY8Z.jpg","type":"image\/jpeg"}],"twitter_card":"summary_large_image","twitter_misc":{"Est. reading time":"5\u00a0Minuten"},"schema":{"@context":"https:\/\/schema.org","@graph":[{"@type":"WebPage","@id":"https:\/\/www.otto.de\/partnerprogramm\/wissenswertes\/bewerbungsrichtlinien\/","url":"https:\/\/www.otto.de\/partnerprogramm\/wissenswertes\/bewerbungsrichtlinien\/","name":"Bewerbungsrichtlinien - OTTO Affiliate","isPartOf":{"@id":"https:\/\/www.otto.de\/partnerprogramm\/#website"},"primaryImageOfPage":{"@id":"https:\/\/www.otto.de\/partnerprogramm\/wissenswertes\/bewerbungsrichtlinien\/#primaryimage"},"image":{"@id":"https:\/\/www.otto.de\/partnerprogramm\/wissenswertes\/bewerbungsrichtlinien\/#primaryimage"},"thumbnailUrl":"https:\/\/www.otto.de\/partnerprogramm\/app\/uploads\/2021\/05\/tingey-injury-law-firm-DZpc4UY8Z.jpg","datePublished":"2021-05-10T09:03:01+00:00","dateModified":"2026-04-15T10:30:54+00:00","description":"Bewerbungsrichtlinien f\u00fcr Affiliate Partner des OTTO-Partnerprogramm","breadcrumb":{"@id":"https:\/\/www.otto.de\/partnerprogramm\/wissenswertes\/bewerbungsrichtlinien\/#breadcrumb"},"inLanguage":"de","potentialAction":[{"@type":"ReadAction","target":["https:\/\/www.otto.de\/partnerprogramm\/wissenswertes\/bewerbungsrichtlinien\/"]}]},{"@type":"ImageObject","inLanguage":"de","@id":"https:\/\/www.otto.de\/partnerprogramm\/wissenswertes\/bewerbungsrichtlinien\/#primaryimage","url":"https:\/\/www.otto.de\/partnerprogramm\/app\/uploads\/2021\/05\/tingey-injury-law-firm-DZpc4UY8Z.jpg","contentUrl":"https:\/\/www.otto.de\/partnerprogramm\/app\/uploads\/2021\/05\/tingey-injury-law-firm-DZpc4UY8Z.jpg","width":1920,"height":1280},{"@type":"BreadcrumbList","@id":"https:\/\/www.otto.de\/partnerprogramm\/wissenswertes\/bewerbungsrichtlinien\/#breadcrumb","itemListElement":[{"@type":"ListItem","position":1,"name":"Startseite","item":"https:\/\/edit.otto-partnerprogramm.de\/partnerprogramm\/"},{"@type":"ListItem","position":2,"name":"Wissenswertes","item":"\/partnerprogramm\/wissenswertes\/"},{"@type":"ListItem","position":3,"name":"Bewerbungsrichtlinien"}]},{"@type":"WebSite","@id":"https:\/\/www.otto.de\/partnerprogramm\/#website","url":"https:\/\/www.otto.de\/partnerprogramm\/","name":"OTTO Affiliate","description":"Das OTTO Partnerprogramm","potentialAction":[{"@type":"SearchAction","target":{"@type":"EntryPoint","urlTemplate":"https:\/\/www.otto.de\/partnerprogramm\/?s={search_term_string}"},"query-input":{"@type":"PropertyValueSpecification","valueRequired":true,"valueName":"search_term_string"}}],"inLanguage":"de"}]}},"lang":"de","translations":{"de":1699,"en":2050},"pll_sync_post":[],"_links":{"self":[{"href":"https:\/\/www.otto.de\/partnerprogramm\/wp-json\/wp\/v2\/pages\/1699","targetHints":{"allow":["GET"]}}],"collection":[{"href":"https:\/\/www.otto.de\/partnerprogramm\/wp-json\/wp\/v2\/pages"}],"about":[{"href":"https:\/\/www.otto.de\/partnerprogramm\/wp-json\/wp\/v2\/types\/page"}],"author":[{"embeddable":true,"href":"https:\/\/www.otto.de\/partnerprogramm\/wp-json\/wp\/v2\/users\/7"}],"replies":[{"embeddable":true,"href":"https:\/\/www.otto.de\/partnerprogramm\/wp-json\/wp\/v2\/comments?post=1699"}],"version-history":[{"count":24,"href":"https:\/\/www.otto.de\/partnerprogramm\/wp-json\/wp\/v2\/pages\/1699\/revisions"}],"predecessor-version":[{"id":2502,"href":"https:\/\/www.otto.de\/partnerprogramm\/wp-json\/wp\/v2\/pages\/1699\/revisions\/2502"}],"up":[{"embeddable":true,"href":"https:\/\/www.otto.de\/partnerprogramm\/wp-json\/wp\/v2\/pages\/22"}],"wp:featuredmedia":[{"embeddable":true,"href":"https:\/\/www.otto.de\/partnerprogramm\/wp-json\/wp\/v2\/media\/1702"}],"wp:attachment":[{"href":"https:\/\/www.otto.de\/partnerprogramm\/wp-json\/wp\/v2\/media?parent=1699"}],"curies":[{"name":"wp","href":"https:\/\/api.w.org\/{rel}","templated":true}]}}