{"id":10,"date":"2018-06-13T09:34:22","date_gmt":"2018-06-13T09:34:22","guid":{"rendered":"https:\/\/www.otto.de\/partnerprogramm\/?page_id=10"},"modified":"2025-05-08T07:23:31","modified_gmt":"2025-05-08T07:23:31","slug":"home","status":"publish","type":"page","link":"https:\/\/www.otto.de\/partnerprogramm\/","title":{"rendered":"Home"},"content":{"rendered":"<div class=\"wpb-content-wrapper\"><p>[vc_row][vc_column][vc_column_text]<\/p>\n<h1>Mit deiner Website ganz leicht Geld verdienen<\/h1>\n<h2>&#8211; das Affiliate-Programm von OTTO macht&#8217;s m\u00f6glich<\/h2>\n<p>[\/vc_column_text][\/vc_column][\/vc_row][vc_row][vc_column][vc_empty_space height=&#8220;8px&#8220;][\/vc_column][\/vc_row][vc_row][vc_column][vc_column_text]Mit OTTO hast du einen Partner an deiner Seite, der mehr als nur einer der gr\u00f6\u00dften E-Commerce-H\u00e4ndler am deutschen Markt ist. <strong>OTTO ist ein stetig wachsender Marktplatz<\/strong>, mit steigendem Produktportfolio, das keine W\u00fcnsche der Kund*innen offen l\u00e4sst. Auf unserem Marktplatz bieten wir heute \u00fcber 19.000 Marken sowie \u00fcber 10 Millionen Produkte an![\/vc_column_text][\/vc_column][\/vc_row][vc_row][vc_column][vc_column_text]<\/p>\n<h4><strong>\u00dcberblick zum Affiliate-Programm<\/strong><\/h4>\n<p>Genau weil unsere Produktpalette so divers ist, sind wir immer auf der Suche nach passenden Publishern, die &#8211; wie wir &#8211; von unseren Produkten begeistert sind und sie mit ihren Nutzer*innen teilen.<\/p>\n<p>Durch die dynamische Attribution werden die Provisionen fair verteilt und leistungsgerecht ausgezahlt. Du hast noch Fragen oder willst genauer verstehen, wie die dynamische Attribution bei OTTO funktioniert, dann findest du <a href=\"https:\/\/www.otto.de\/partnerprogramm\/wissenswertes\/dynamische-attribution\/\">hier<\/a> mehr Informationen.<\/p>\n<p><strong>Fakten f\u00fcr Affiliates<\/strong><\/p>\n<ul>\n<li>Bis zu 15% Provision<\/li>\n<li>Provisionsberechnung auf Warenkorb-Ebene<\/li>\n<li>Faire Provision dank dynamischer Attribution<\/li>\n<li>Hohe Markenbekanntheit<\/li>\n<li>30 Tage Cookielaufzeit<\/li>\n<li>Pers\u00f6nliche Ansprechpartner*innen f\u00fcr das Affiliate Programm<\/li>\n<li>Schnelle Bearbeitung von Anfragen<\/li>\n<li>Abwechslungsreiche Aktionen<\/li>\n<\/ul>\n<p><strong>Produktportfolio<\/strong><\/p>\n<p>Vereinfacht lassen sich unsere Produkte in diese 4 Hauptkategorien einordnen:<\/p>\n<ul>\n<li>Fashion<\/li>\n<li>Home &amp; Living<\/li>\n<li>Haushaltselektronik<\/li>\n<li>Multimedia<\/li>\n<\/ul>\n<p>[\/vc_column_text][\/vc_column][\/vc_row][vc_row][vc_column][vc_column_text]<strong>Verg\u00fctung<\/strong>[\/vc_column_text][\/vc_column][\/vc_row][vc_row][vc_column][vc_table][c#333333;bg#d8d8d8;borders_all;borders_all;b]Publisherkategorien,[c#333333;bg#d8d8d8;borders_all;borders_all;b]Multimedia,[bg#d8d8d8;borders_all;borders_all;b]Haushaltselektronik,[bg#d8d8d8;borders_all;borders_all;b]Fashion,[bg#d8d8d8;borders_all;borders_all;b]Home%20%26%20Living|[borders_all;borders_all]Standard%20(z.B.%20Content%20und%20Produktdaten),[borders_all;borders_all;align-center]2%25,[borders_all;borders_all;align-center]7%25,[borders_all;borders_all;align-center]15%25,[borders_all;borders_all;align-center]12%25|[borders_all;borders_all]Hebelpublisher%20(Schn%C3%A4ppchen-%20und%20Dealseiten),[borders_all;borders_all;align-center]1%25,[borders_all;borders_all;align-center]4%25,[borders_all;borders_all;align-center]7%25,[borders_all;borders_all;align-center]1%25|[borders_all]Logopublisher%20(z.B.%20Browser-%20und%20Startseitenplatzierungen),[align-center;borders_all]1%25,[align-center;borders_all]5%25,[align-center;borders_all]11%25,[align-center;borders_all]9%25[\/vc_table][\/vc_column][\/vc_row][vc_row][vc_column][vc_column_text css=&#8220;&#8220;]<strong>Fakten f\u00fcr Endkund*innen<\/strong><\/p>\n<ul>\n<li>Riesige Auswahl an Produkten<\/li>\n<li>Gro\u00dfe Auswahl an Marken<\/li>\n<li>Lieferflat &amp; Punkteprogramm<\/li>\n<li>Moderne App<\/li>\n<li>Schnelle Lieferung<\/li>\n<li>Regelm\u00e4\u00dfige Aktionen<\/li>\n<li>Schnelle Erreichbarkeit des Kundenservices<\/li>\n<li>Vielf\u00e4ltige Zahlungsm\u00f6glichkeiten<\/li>\n<\/ul>\n<p><strong>\u00a0<\/strong><\/p>\n<p><strong>Bedingungen und wichtige Hinweise:<\/strong><\/p>\n<p>Es gelten die oben genannten Provisionskategorien. Individuelle Vereinbarungen sind nur nach Absprache mit dem Account Management Team m\u00f6glich. Alle Teilnahmebedingungen findet ihr <a href=\"https:\/\/www.otto.de\/partnerprogramm\/teilnahmebedingungen\/\">hier<\/a>.<\/p>\n<p>Du bist ausschlie\u00dflich auf Instagram, YouTube, TikTok oder anderen Social-Media-Plattformen aktiv? Dann melde dich gern \u00fcber unsere Partner <a href=\"https:\/\/app.stylink.com\/registration\/register?locale=de&amp;utm_campaign=sendgrid&amp;utm_medium=E-Mail&amp;utm_source=sendgrid.com&amp;utm_content=Anmeldungen_Influencer_von%20Otto&amp;utm_term=\" target=\"_blank\" rel=\"nofollow\">Stylink<\/a> oder <a href=\"https:\/\/app.metapic.com\/#\/signup\" target=\"_blank\" rel=\"nofollow\">Metapic<\/a> an. \u00dcber diese wickeln wir Influencer-Partnerschaften ab.<\/p>\n<p>Hast du noch Fragen? In unseren <a href=\"https:\/\/www.otto.de\/partnerprogramm\/faq\/\">FAQ<\/a> gehen wir ausf\u00fchrlich auf viele Themen ein![\/vc_column_text][\/vc_column][\/vc_row][vc_row][vc_column][vc_empty_space][\/vc_column][\/vc_row][vc_row][vc_column]<div class=\"headline\">\n        <h3 class=\"\">\n      Das sagen unsere Partner    <\/h3>\n  <\/div>\n[\/vc_column][\/vc_row][vc_row][vc_column][vc_empty_space][\/vc_column][\/vc_row][vc_row][vc_column]<style type=\"text\/css\" data-type=\"the7_shortcodes-inline-css\">.carousel-shortcode.carousel-shortcode-id-6a23c8cddcb7b712e4c1da2a61071fff .owl-nav a {\n  width: 50px;\n  height: 50px;\n  border-radius: 500px;\n}\n.dt-arrow-border-on.carousel-shortcode.carousel-shortcode-id-6a23c8cddcb7b712e4c1da2a61071fff .owl-nav a:not(:hover):before {\n  border-width: 0px;\n}\n.dt-arrow-hover-border-on.carousel-shortcode.carousel-shortcode-id-6a23c8cddcb7b712e4c1da2a61071fff .owl-nav a:hover:after {\n  border-width: 0px;\n}\n.carousel-shortcode.carousel-shortcode-id-6a23c8cddcb7b712e4c1da2a61071fff .owl-nav a.owl-prev {\n  top: 50%;\n  transform: translateY(calc(-50% + 0px));\n  left: -43px;\n}\n@media all and (-ms-high-contrast: none) {\n  .carousel-shortcode.carousel-shortcode-id-6a23c8cddcb7b712e4c1da2a61071fff .owl-nav a.owl-prev {\n    transform: translateY(-50%);\n    margin-top: 0px;\n  }\n}\n.carousel-shortcode.carousel-shortcode-id-6a23c8cddcb7b712e4c1da2a61071fff .owl-nav a.owl-prev i {\n  padding: 0px 0px 0px 0px;\n}\n.carousel-shortcode.carousel-shortcode-id-6a23c8cddcb7b712e4c1da2a61071fff .owl-nav a.owl-next {\n  top: 50%;\n  transform: translateY(calc(-50% + 0px));\n  right: -43px;\n}\n@media all and (-ms-high-contrast: none) {\n  .carousel-shortcode.carousel-shortcode-id-6a23c8cddcb7b712e4c1da2a61071fff .owl-nav a.owl-next {\n    transform: translateY(-50%);\n    margin-top: 0px;\n  }\n}\n.carousel-shortcode.carousel-shortcode-id-6a23c8cddcb7b712e4c1da2a61071fff .owl-nav a.owl-next i {\n  padding: 0px 0px 0px 0px;\n}\n.carousel-shortcode.carousel-shortcode-id-6a23c8cddcb7b712e4c1da2a61071fff .owl-nav i {\n  font-size: 18px;\n}\n.carousel-shortcode.carousel-shortcode-id-6a23c8cddcb7b712e4c1da2a61071fff .owl-nav a:not(:hover) i,\n.carousel-shortcode.carousel-shortcode-id-6a23c8cddcb7b712e4c1da2a61071fff .owl-nav a:not(:hover) i:before {\n  color: #ffffff;\n  background: none;\n}\n.carousel-shortcode.carousel-shortcode-id-6a23c8cddcb7b712e4c1da2a61071fff .owl-nav a:hover i,\n.carousel-shortcode.carousel-shortcode-id-6a23c8cddcb7b712e4c1da2a61071fff .owl-nav a:hover i:before {\n  color: rgba(255,255,255,0.75);\n  background: none;\n}\n.carousel-shortcode.carousel-shortcode-id-6a23c8cddcb7b712e4c1da2a61071fff .owl-dots {\n  top: calc(100% + 20px);\n  left: 50%;\n  transform: translateX(calc(-50% + 0px));\n}\n@media all and (-ms-high-contrast: none) {\n  .carousel-shortcode.carousel-shortcode-id-6a23c8cddcb7b712e4c1da2a61071fff .owl-dots {\n    transform: translateX(-50%);\n    margin-left: 0px;\n  }\n}\n.carousel-shortcode.carousel-shortcode-id-6a23c8cddcb7b712e4c1da2a61071fff .owl-dot {\n  width: 10px;\n  height: 10px;\n  margin: 0 8px;\n}\n@media screen and (max-width: 778px) {\n  .carousel-shortcode.carousel-shortcode-id-6a23c8cddcb7b712e4c1da2a61071fff.hide-arrows .owl-nav a {\n    display: none;\n  }\n}\n@media screen and (max-width: 778px) {\n  .carousel-shortcode.carousel-shortcode-id-6a23c8cddcb7b712e4c1da2a61071fff.reposition-arrows .owl-nav .owl-prev {\n    top: 50%;\n    transform: translateY(calc(-50% + 0px));\n    left: -35px;\n  }\n  .carousel-shortcode.carousel-shortcode-id-6a23c8cddcb7b712e4c1da2a61071fff.reposition-arrows .owl-nav .owl-next {\n    top: 50%;\n    transform: translateY(calc(-50% + 0px));\n    right: -35px;\n  }\n}\n@media screen and (max-width: 778px) and all and (-ms-high-contrast: none) {\n  .carousel-shortcode.carousel-shortcode-id-6a23c8cddcb7b712e4c1da2a61071fff.reposition-arrows .owl-nav .owl-prev {\n    transform: translateY(-50%);\n    margin-top: 0px;\n  }\n}\n@media screen and (max-width: 778px) and all and (-ms-high-contrast: none) {\n  .carousel-shortcode.carousel-shortcode-id-6a23c8cddcb7b712e4c1da2a61071fff.reposition-arrows .owl-nav .owl-next {\n    transform: translateY(-50%);\n    margin-top: 0px;\n  }\n}\n<\/style><div class=\"owl-carousel carousel-shortcode dt-owl-carousel-call carousel-shortcode-id-6a23c8cddcb7b712e4c1da2a61071fff bullets-small-dot-stroke reposition-arrows arrows-bg-on dt-arrow-border-on dt-arrow-hover-border-on disable-arrows-hover-bg arrows-hover-bg-on  \" data-scroll-mode=\"1\" data-col-num=\"1\" data-wide-col-num=\"1\" data-laptop-col=\"1\" data-h-tablet-columns-num=\"1\" data-v-tablet-columns-num=\"1\" data-phone-columns-num=\"1\" data-auto-height=\"false\" data-col-gap=\"30\" data-stage-padding=\"0\" data-speed=\"600\" data-autoplay=\"false\" data-autoplay_speed=\"6000\" data-arrows=\"true\" data-bullet=\"false\" data-next-icon=\"icon-ar-021-r\" data-prev-icon=\"icon-ar-021-l\"><div data-id=\"mpc_testimonial-5769d12d75ae391\" class=\"mpc-testimonial mpc-init mpc-transition mpc-testimonial--style_1 \" ><div class=\" mpc-testimonial__thumbnail\"><img loading=\"lazy\" decoding=\"async\" width=\"150\" height=\"150\" src=\"https:\/\/www.otto.de\/partnerprogramm\/app\/uploads\/2018\/08\/DC_Logo_300x300-150x150.png\" class=\"attachment-thumbnail\" alt=\"Deutschland Card Logo\" title=\"Deutschland Card Logo\" srcset=\"https:\/\/www.otto.de\/partnerprogramm\/app\/uploads\/2018\/08\/DC_Logo_300x300-150x150.png 150w, https:\/\/www.otto.de\/partnerprogramm\/app\/uploads\/2018\/08\/DC_Logo_300x300.png 300w\" sizes=\"auto, (max-width: 150px) 100vw, 150px\" \/><\/div><div class=\"mpc-testimonial__content mpc-typography--default\"><div class=\"mpc-testimonial__signature mpc-typography--default\"><span>Deutschlandcard:<\/span><\/div><div class=\"mpc-testimonial__description\"><p>\u201eEinzigartig macht das Programm auch die Marke OTTO, mit ihrer breiten und abwechslungsreichen Produktpalette \u2013 und sich st\u00e4ndig abwechselnden, attraktiven Aktionen. Dass es ein so gro\u00dfer Konzern schafft, eine kooperative und pers\u00f6nliche Betreuung aller Publisher zu gew\u00e4hrleisten, ist nicht selbstverst\u00e4ndlich. Bei OTTO f\u00fchlt man sich als Businesspartner aber wirklich ernst genommen. Wir k\u00f6nnen das OTTO Affiliate Programm uneingeschr\u00e4nkt weiterempfehlen!&#8220;<\/p>\n<\/div><\/div><\/div><div data-id=\"mpc_testimonial-969d12d75aead7\" class=\"mpc-testimonial mpc-init mpc-transition mpc-testimonial--style_1 \" ><div class=\" mpc-testimonial__thumbnail\"><img loading=\"lazy\" decoding=\"async\" width=\"150\" height=\"150\" src=\"https:\/\/www.otto.de\/partnerprogramm\/app\/uploads\/2018\/07\/Logo-300x300_Logo-Spwarwelt-150x150.png\" class=\"attachment-thumbnail\" alt=\"Logo sparwelt\" title=\"Logo sparwelt\" srcset=\"https:\/\/www.otto.de\/partnerprogramm\/app\/uploads\/2018\/07\/Logo-300x300_Logo-Spwarwelt-150x150.png 150w, https:\/\/www.otto.de\/partnerprogramm\/app\/uploads\/2018\/07\/Logo-300x300_Logo-Spwarwelt.png 300w\" sizes=\"auto, (max-width: 150px) 100vw, 150px\" \/><\/div><div class=\"mpc-testimonial__content mpc-typography--default\"><div class=\"mpc-testimonial__signature mpc-typography--default\"><span>SPARWELT:<\/span><\/div><div class=\"mpc-testimonial__description\"><p>\u201eSeit Jahren arbeiten SPARWELT und OTTO sehr eng zusammen und realisieren gemeinsam neue Kampagnenideen und optimieren stetig die Zusammenarbeit. So reicht die Zusammenarbeit von Interesse weckenden Content-Kampagnen, \u00fcber Herstelleraktionen bis hin zur Gewinnung neuer Kunden. Durch das OTTO Customer Journey Tracking sowie diverse TV-Spots und Digitales Story-Telling besteht ein gro\u00dfer Fit zwischen OTTO und der SPARWELT. Aus diesem Grund freuen wir uns, auch in den n\u00e4chsten Jahren erfolgreich mit OTTO im Bereich Content- und Incentive-Marketing zusammen zu arbeiten\u201c<\/p>\n<\/div><\/div><\/div><div data-id=\"mpc_testimonial-7969d12d75aeea5\" class=\"mpc-testimonial mpc-init mpc-transition mpc-testimonial--style_1 \" ><div class=\" mpc-testimonial__thumbnail\"><img loading=\"lazy\" decoding=\"async\" width=\"150\" height=\"150\" src=\"https:\/\/www.otto.de\/partnerprogramm\/app\/uploads\/2018\/08\/dealdoktor_logo_300x300-150x150.png\" class=\"attachment-thumbnail\" alt=\"dealdoktor logo\" title=\"dealdoktor logo\" srcset=\"https:\/\/www.otto.de\/partnerprogramm\/app\/uploads\/2018\/08\/dealdoktor_logo_300x300-150x150.png 150w, https:\/\/www.otto.de\/partnerprogramm\/app\/uploads\/2018\/08\/dealdoktor_logo_300x300.png 300w\" sizes=\"auto, (max-width: 150px) 100vw, 150px\" \/><\/div><div class=\"mpc-testimonial__content mpc-typography--default\"><div class=\"mpc-testimonial__signature mpc-typography--default\"><span>DealDoktor\/MyTopDeals:<\/span><\/div><div class=\"mpc-testimonial__description\"><p>&#8222;Als langj\u00e4hriger Affiliate-Partner von OTTO sch\u00e4tze ich nicht nur die endkundenfreundlichen Sonderaktionen, die wir unseren Lesern auf DealDoktor.de und MyTopDeals.net pr\u00e4sentieren d\u00fcrfen, sondern auch die schnelle und pers\u00f6nliche Betreuung bei R\u00fcckfragen oder Sonderw\u00fcnschen. Bei der Verg\u00fctung setzt OTTO als Vorreiter auf eine dynamische Attribution und damit auf ein ausgewogenes Modell, das Publisher sehr fair f\u00fcr ihren geleisteten Werbeanteil an einer Bestellung entlohnt. Letztendlich kann ich das OTTO Partnerprogramm aufgrund der Kombination aus umfangreichem Sortiment, sch\u00f6nen Promo-Aktionen und hilfreichen Ansprechpartnern uneingeschr\u00e4nkt empfehlen.&#8220;<\/p>\n<p>&nbsp;<\/p>\n<p>&nbsp;<\/p>\n<\/div><\/div><\/div><div data-id=\"mpc_testimonial-3369d12d75af1cd\" class=\"mpc-testimonial mpc-init mpc-transition mpc-testimonial--style_1 \" ><div class=\" mpc-testimonial__thumbnail\"><img loading=\"lazy\" decoding=\"async\" width=\"140\" height=\"50\" src=\"https:\/\/www.otto.de\/partnerprogramm\/app\/uploads\/2018\/07\/pb-badge_v1_web_140x50px.png\" class=\"attachment-thumbnail\" alt=\"PAYBACK Logo\" title=\"PAYBACK Logo\" \/><\/div><div class=\"mpc-testimonial__content mpc-typography--default\"><div class=\"mpc-testimonial__signature mpc-typography--default\"><span>Payback:<\/span><\/div><div class=\"mpc-testimonial__description\"><p>&#8222;Im Rahmen unserer Performance Partnerschaft erhalten \u00fcber 30 Millionen aktive PAYBACK Kunden die f\u00fcr sie relevanten OTTO Angebote. Die K\u00e4ufer sind davon begeistert, durch OTTO noch mehr Punkte sammeln zu k\u00f6nnen. Wir entwerfen zusammen mit OTTO sehr effektive Kampagnen und unterst\u00fctzen das Unternehmen dabei, seine Beziehung zum Kunden weiter zu intensivieren.&#8220;<\/p>\n<\/div><\/div><\/div><div data-id=\"mpc_testimonial-1669d12d75af442\" class=\"mpc-testimonial mpc-init mpc-transition mpc-testimonial--style_1 \" ><div class=\" mpc-testimonial__thumbnail\"><img loading=\"lazy\" decoding=\"async\" width=\"150\" height=\"150\" src=\"https:\/\/www.otto.de\/partnerprogramm\/app\/uploads\/2019\/08\/logo-frame-final-150x150.png\" class=\"attachment-thumbnail\" alt=\"\" title=\"logo-frame-final\" srcset=\"https:\/\/www.otto.de\/partnerprogramm\/app\/uploads\/2019\/08\/logo-frame-final-150x150.png 150w, https:\/\/www.otto.de\/partnerprogramm\/app\/uploads\/2019\/08\/logo-frame-final-300x300.png 300w, https:\/\/www.otto.de\/partnerprogramm\/app\/uploads\/2019\/08\/logo-frame-final-768x768.png 768w, https:\/\/www.otto.de\/partnerprogramm\/app\/uploads\/2019\/08\/logo-frame-final-1024x1024.png 1024w, https:\/\/www.otto.de\/partnerprogramm\/app\/uploads\/2019\/08\/logo-frame-final.png 2000w\" sizes=\"auto, (max-width: 150px) 100vw, 150px\" \/><\/div><div class=\"mpc-testimonial__content mpc-typography--default\"><div class=\"mpc-testimonial__signature mpc-typography--default\"><span>Stylink:<\/span><\/div><div class=\"mpc-testimonial__description\"><p>&#8222;Die dynamische Attribution des OTTO-Partnerprogramms bietet uns bei stylink mit unseren mehr als 10.000 Influencern einen gro\u00dfen Mehrwert. Beim Tracking entlang der kompletten Customer Journey ist OTTO sicherlich ein Vorreiter. Mit OTTOs Trackingtechnologie kann unseren mehr als 20 Mio. Views am Anfang der Customer Journey der relevante Wertbeitrag zugeordnet werden. So k\u00f6nnen wir Instagram Marketing auch im Performance Kanal f\u00fcr alle Seiten gewinnbringend etablieren.&#8220;<\/p>\n<\/div><\/div><\/div><\/div>[\/vc_column][\/vc_row][vc_row][vc_column][vc_empty_space][\/vc_column][\/vc_row][vc_row][vc_column]<div class=\"shortcode-banner shortcode-banner-link\" style=\"min-height: 150px;background-image: url(https:\/\/www.otto.de\/partnerprogramm\/app\/uploads\/2018\/08\/Home-Header.jpg)\" onclick=\"window.open('https:\/\/ui.awin.com\/publisher-signup\/de\/step1');\"><div class=\"shortcode-banner-bg wf-table\" style=\"padding: 10px;min-height: 150px\"><div class=\"shortcode-banner-inside wf-table text-big\" style=\"background-color: rgb(0,0,0);background-color: rgba(0,0,0,0.4);border: solid 10px transparent;outline: solid 3px;outline-color: #ffffff;height: 140px\"><div><p style=\"text-align: center;\"><span style=\"color: #ffffff;\">JETZT AFFILIATE WERDEN!<\/span><\/p>\n<\/div><\/div><\/div><\/div>[\/vc_column][\/vc_row]<\/p>\n<\/div>","protected":false},"excerpt":{"rendered":"<p>[vc_row][vc_column][vc_column_text] Mit deiner Website ganz leicht Geld verdienen &#8211; das Affiliate-Programm von OTTO macht&#8217;s m\u00f6glich [\/vc_column_text][\/vc_column][\/vc_row][vc_row][vc_column][vc_empty_space height=&#8220;8px&#8220;][\/vc_column][\/vc_row][vc_row][vc_column][vc_column_text]Mit OTTO hast du einen Partner an deiner Seite, der mehr als nur einer der gr\u00f6\u00dften E-Commerce-H\u00e4ndler am deutschen Markt ist. OTTO ist ein stetig wachsender Marktplatz, mit steigendem Produktportfolio, das keine W\u00fcnsche der Kund*innen offen l\u00e4sst. Auf unserem<\/p>\n","protected":false},"author":17,"featured_media":0,"parent":0,"menu_order":0,"comment_status":"closed","ping_status":"closed","template":"","meta":{"_acf_changed":false,"footnotes":""},"class_list":["post-10","page","type-page","status-publish","hentry","description-off"],"acf":[],"yoast_head":"<!-- This site is optimized with the Yoast SEO plugin v27.1 - https:\/\/yoast.com\/product\/yoast-seo-wordpress\/ -->\n<title>OTTO Partnerprogramm - Einfach und unkompliziert Geld verdienen<\/title>\n<meta name=\"description\" content=\"Das OTTO Partnerprogramm ist eines der gr\u00f6\u00dften und erfolgreichsten Affiliate Programme Deutschlands. Mehr als 10 Millionen Artikel von aktuell 19.000 Marken\" \/>\n<meta name=\"robots\" content=\"index, follow, max-snippet:-1, max-image-preview:large, max-video-preview:-1\" \/>\n<link rel=\"canonical\" href=\"https:\/\/www.otto.de\/partnerprogramm\/\" \/>\n<meta property=\"og:locale\" content=\"de_DE\" \/>\n<meta property=\"og:type\" content=\"article\" \/>\n<meta property=\"og:title\" content=\"OTTO Partnerprogramm - Einfach und unkompliziert Geld verdienen\" \/>\n<meta property=\"og:description\" content=\"Das OTTO Partnerprogramm ist eines der gr\u00f6\u00dften und erfolgreichsten Affiliate Programme Deutschlands. Mehr als 10 Millionen Artikel von aktuell 19.000 Marken\" \/>\n<meta property=\"og:url\" content=\"https:\/\/www.otto.de\/partnerprogramm\/\" \/>\n<meta property=\"og:site_name\" content=\"OTTO Affiliate\" \/>\n<meta property=\"article:modified_time\" content=\"2025-05-08T07:23:31+00:00\" \/>\n<meta name=\"twitter:card\" content=\"summary_large_image\" \/>\n<meta name=\"twitter:label1\" content=\"Est. reading time\" \/>\n\t<meta name=\"twitter:data1\" content=\"6\u00a0Minuten\" \/>\n<script type=\"application\/ld+json\" class=\"yoast-schema-graph\">{\"@context\":\"https:\/\/schema.org\",\"@graph\":[{\"@type\":\"WebPage\",\"@id\":\"https:\/\/www.otto.de\/partnerprogramm\/\",\"url\":\"https:\/\/www.otto.de\/partnerprogramm\/\",\"name\":\"OTTO Partnerprogramm - Einfach und unkompliziert Geld verdienen\",\"isPartOf\":{\"@id\":\"https:\/\/www.otto.de\/partnerprogramm\/#website\"},\"datePublished\":\"2018-06-13T09:34:22+00:00\",\"dateModified\":\"2025-05-08T07:23:31+00:00\",\"description\":\"Das OTTO Partnerprogramm ist eines der gr\u00f6\u00dften und erfolgreichsten Affiliate Programme Deutschlands. Mehr als 10 Millionen Artikel von aktuell 19.000 Marken\",\"breadcrumb\":{\"@id\":\"https:\/\/www.otto.de\/partnerprogramm\/#breadcrumb\"},\"inLanguage\":\"de\",\"potentialAction\":[{\"@type\":\"ReadAction\",\"target\":[\"https:\/\/www.otto.de\/partnerprogramm\/\"]}]},{\"@type\":\"BreadcrumbList\",\"@id\":\"https:\/\/www.otto.de\/partnerprogramm\/#breadcrumb\",\"itemListElement\":[{\"@type\":\"ListItem\",\"position\":1,\"name\":\"Startseite\",\"item\":\"https:\/\/edit.otto-partnerprogramm.de\/partnerprogramm\/\"},{\"@type\":\"ListItem\",\"position\":2,\"name\":\"Home\"}]},{\"@type\":\"WebSite\",\"@id\":\"https:\/\/www.otto.de\/partnerprogramm\/#website\",\"url\":\"https:\/\/www.otto.de\/partnerprogramm\/\",\"name\":\"OTTO Affiliate\",\"description\":\"Das OTTO Partnerprogramm\",\"potentialAction\":[{\"@type\":\"SearchAction\",\"target\":{\"@type\":\"EntryPoint\",\"urlTemplate\":\"https:\/\/www.otto.de\/partnerprogramm\/?s={search_term_string}\"},\"query-input\":{\"@type\":\"PropertyValueSpecification\",\"valueRequired\":true,\"valueName\":\"search_term_string\"}}],\"inLanguage\":\"de\"}]}<\/script>\n<!-- \/ Yoast SEO plugin. -->","yoast_head_json":{"title":"OTTO Partnerprogramm - Einfach und unkompliziert Geld verdienen","description":"Das OTTO Partnerprogramm ist eines der gr\u00f6\u00dften und erfolgreichsten Affiliate Programme Deutschlands. Mehr als 10 Millionen Artikel von aktuell 19.000 Marken","robots":{"index":"index","follow":"follow","max-snippet":"max-snippet:-1","max-image-preview":"max-image-preview:large","max-video-preview":"max-video-preview:-1"},"canonical":"https:\/\/www.otto.de\/partnerprogramm\/","og_locale":"de_DE","og_type":"article","og_title":"OTTO Partnerprogramm - Einfach und unkompliziert Geld verdienen","og_description":"Das OTTO Partnerprogramm ist eines der gr\u00f6\u00dften und erfolgreichsten Affiliate Programme Deutschlands. Mehr als 10 Millionen Artikel von aktuell 19.000 Marken","og_url":"https:\/\/www.otto.de\/partnerprogramm\/","og_site_name":"OTTO Affiliate","article_modified_time":"2025-05-08T07:23:31+00:00","twitter_card":"summary_large_image","twitter_misc":{"Est. reading time":"6\u00a0Minuten"},"schema":{"@context":"https:\/\/schema.org","@graph":[{"@type":"WebPage","@id":"https:\/\/www.otto.de\/partnerprogramm\/","url":"https:\/\/www.otto.de\/partnerprogramm\/","name":"OTTO Partnerprogramm - Einfach und unkompliziert Geld verdienen","isPartOf":{"@id":"https:\/\/www.otto.de\/partnerprogramm\/#website"},"datePublished":"2018-06-13T09:34:22+00:00","dateModified":"2025-05-08T07:23:31+00:00","description":"Das OTTO Partnerprogramm ist eines der gr\u00f6\u00dften und erfolgreichsten Affiliate Programme Deutschlands. Mehr als 10 Millionen Artikel von aktuell 19.000 Marken","breadcrumb":{"@id":"https:\/\/www.otto.de\/partnerprogramm\/#breadcrumb"},"inLanguage":"de","potentialAction":[{"@type":"ReadAction","target":["https:\/\/www.otto.de\/partnerprogramm\/"]}]},{"@type":"BreadcrumbList","@id":"https:\/\/www.otto.de\/partnerprogramm\/#breadcrumb","itemListElement":[{"@type":"ListItem","position":1,"name":"Startseite","item":"https:\/\/edit.otto-partnerprogramm.de\/partnerprogramm\/"},{"@type":"ListItem","position":2,"name":"Home"}]},{"@type":"WebSite","@id":"https:\/\/www.otto.de\/partnerprogramm\/#website","url":"https:\/\/www.otto.de\/partnerprogramm\/","name":"OTTO Affiliate","description":"Das OTTO Partnerprogramm","potentialAction":[{"@type":"SearchAction","target":{"@type":"EntryPoint","urlTemplate":"https:\/\/www.otto.de\/partnerprogramm\/?s={search_term_string}"},"query-input":{"@type":"PropertyValueSpecification","valueRequired":true,"valueName":"search_term_string"}}],"inLanguage":"de"}]}},"lang":"de","translations":{"de":10,"en":1774},"pll_sync_post":[],"_links":{"self":[{"href":"https:\/\/www.otto.de\/partnerprogramm\/wp-json\/wp\/v2\/pages\/10","targetHints":{"allow":["GET"]}}],"collection":[{"href":"https:\/\/www.otto.de\/partnerprogramm\/wp-json\/wp\/v2\/pages"}],"about":[{"href":"https:\/\/www.otto.de\/partnerprogramm\/wp-json\/wp\/v2\/types\/page"}],"author":[{"embeddable":true,"href":"https:\/\/www.otto.de\/partnerprogramm\/wp-json\/wp\/v2\/users\/17"}],"replies":[{"embeddable":true,"href":"https:\/\/www.otto.de\/partnerprogramm\/wp-json\/wp\/v2\/comments?post=10"}],"version-history":[{"count":184,"href":"https:\/\/www.otto.de\/partnerprogramm\/wp-json\/wp\/v2\/pages\/10\/revisions"}],"predecessor-version":[{"id":2642,"href":"https:\/\/www.otto.de\/partnerprogramm\/wp-json\/wp\/v2\/pages\/10\/revisions\/2642"}],"wp:attachment":[{"href":"https:\/\/www.otto.de\/partnerprogramm\/wp-json\/wp\/v2\/media?parent=10"}],"curies":[{"name":"wp","href":"https:\/\/api.w.org\/{rel}","templated":true}]}}